{"id":900,"date":"2022-06-15T17:33:14","date_gmt":"2022-06-15T15:33:14","guid":{"rendered":"https:\/\/menschmusik.de\/?page_id=900"},"modified":"2026-01-18T15:12:46","modified_gmt":"2026-01-18T14:12:46","slug":"docente-de-musica","status":"publish","type":"page","link":"https:\/\/menschmusik.de\/es\/docente-de-musica\/","title":{"rendered":"Docente de m\u00fasica"},"content":{"rendered":"<div class=\"wpb-content-wrapper\"><p>[vc_row][vc_column css=&#8221;.vc_custom_1653915704574{margin-bottom: 0px !important;}&#8221;][vc_empty_space height=&#8221;40px&#8221;][vc_row_inner][vc_column_inner width=&#8221;1\/12&#8243; el_class=&#8221;head-under&#8221;][vc_column_text][\/vc_column_text][\/vc_column_inner][vc_column_inner width=&#8221;10\/12&#8243;][vc_column_text el_class=&#8221;sub-navi-top&#8221;]<a href=\"https:\/\/menschmusik.de\/es\/pedagogia-instrumental\/\">Pedagog\u00eda instrumental<\/a> <a href=\"https:\/\/menschmusik.de\/es\/pedagogia-musical-elemental\/\">Pedagog\u00eda musical elemental<\/a> <a href=\"https:\/\/menschmusik.de\/es\/pedagogia-vocal\/\">Pedagog\u00eda vocal<\/a> <a class=\"active\" href=\"https:\/\/menschmusik.de\/es\/docente-de-musica\/\">Docente\u00a0de\u00a0m\u00fasica<\/a>[\/vc_column_text][\/vc_column_inner][vc_column_inner width=&#8221;1\/12&#8243;][\/vc_column_inner][\/vc_row_inner][\/vc_column][\/vc_row][vc_row][vc_column][vc_row_inner][vc_column_inner width=&#8221;1\/12&#8243; el_class=&#8221;head-under&#8221;][vc_column_text el_class=&#8221;unterstrich&#8221;]\u00a0[\/vc_column_text][\/vc_column_inner][vc_column_inner width=&#8221;10\/12&#8243;][vc_column_text]<\/p>\n<h2>Docente de m\u00fasica en escuelas Waldorf<\/h2>\n<p>[\/vc_column_text][vc_empty_space height=&#8221;15px&#8221;][vc_column_text css=&#8221;&#8221;]\u00bfTe apasiona la idea de estructurar y enriquecer la vida musical de una escuela Waldorf, acompa\u00f1ar el proceso de ni\u00f1os\/as y j\u00f3venes durante su per\u00edodo escolar? \u00bfTe gusta trabajar en equipo, quieres desarrollar tu talento musical, te interesa la antroposof\u00eda? La formaci\u00f3n profesional como docente de m\u00fasica en escuelas Waldorf te ofrece las herramientas para lograr estos objetivos. Actualmente hay una gran demanda de este perfil profesional.<\/p>\n<p><strong>Objetivos del programa:<\/strong><\/p>\n<ul>\n<li>Como artista, conmover a trav\u00e9s de la m\u00fasica. Como pedagogo\/a, apoyar el desarrollo de ni\u00f1os\/as y j\u00f3venes.<\/li>\n<li>Antroposof\u00eda como base de la Pedagog\u00eda.<\/li>\n<li>Desarrollo de las fuerzas constitutivas del ser humano a trav\u00e9s de la m\u00fasica.<\/li>\n<\/ul>\n<p><strong>Cooperaci\u00f3n Hamburgo-Mannheim<\/strong><\/p>\n<ul>\n<li>Docente de m\u00fasica en escuelas Waldorf: formaci\u00f3n profesional de cinco a\u00f1os en cooperaci\u00f3n con la Akademie f\u00fcr Waldorfp\u00e4dagogik en Mannheim.<\/li>\n<li>Formaci\u00f3n profesional de tres a\u00f1os en uno de los programas: Pedagog\u00eda instrumental, Canto y direcci\u00f3n coral o Pedagog\u00eda musical elemental.<\/li>\n<li>Dos a\u00f1os de estudios de profundizaci\u00f3n en la Akademie f\u00fcr Waldorfp\u00e4dagogik en Mannheim.<\/li>\n<\/ul>\n<p><strong>Titulaci\u00f3n<\/strong><br \/>\nDespu\u00e9s de tres a\u00f1os: Certificado de uno de los programas, Pedagog\u00eda instrumental, Canto y direcci\u00f3n coral o Pedagog\u00eda musical elemental, otorgado por MenschMusik Hamburg. Dos a\u00f1os despu\u00e9s: Diploma de Docente de m\u00fasica de m\u00fasica en escuelas Waldorf (Diplom Fachlehrer*in f\u00fcr Musik an Waldorfschulen), otorgado por la Akademie f\u00fcr Waldorfp\u00e4dagogik Mannheim.<\/p>\n<p><strong>Direcci\u00f3n del Programa<\/strong><br \/>\nMatthias B\u00f6lts, Barbara Hanssen \u2013 MenschMusik Hamburg<br \/>\nIru Mun \u2013 Akademie f\u00fcr Waldorfp\u00e4dagogik Mannheim<\/p>\n<p><strong>Contenidos y asignaturas<\/strong><br \/>\nLa formaci\u00f3n profesional \u201cDocente de m\u00fasica en colegios Waldorf\u201d est\u00e1 basada en la oferta de asignaturas de los programas <a href=\"https:\/\/menschmusik.de\/es\/pedagogia-instrumental\/\">Pedagog\u00eda instrumental<\/a> y <a href=\"https:\/\/menschmusik.de\/es\/pedagogia-musical-elemental\/\">Pedagog\u00eda musical elemental<\/a>, complementada por asignaturas propias (\u00e9pocas) con Iru Mun y pr\u00e1cticas pedag\u00f3gicas.<\/p>\n<p><strong>Requerimientos<\/strong><\/p>\n<p>1) Audici\u00f3n:<br \/>\nInstrumento principal (o canto) con tres piezas de diferente estil\u00edstica.<br \/>\nInstrumento secundario con dos piezas sencillas de diferente estil\u00edstica<br \/>\nSi la asignatura principal es piano, las asignaturas secundarias deber\u00e1n ser canto y otro instrumento mel\u00f3dico.<br \/>\nSi la asignatura principal es canto, las asignaturas secundarias ser\u00edan piano y otro instrumento mel\u00f3dico.<br \/>\nSi la asignatura principal es un instrumento mel\u00f3dico, las asignaturas secundarias ser\u00e1n canto y piano.<\/p>\n<p>2) Teor\u00eda de la m\u00fasica y entrenamiento auditivo:<br \/>\nExamen oral de teor\u00eda musical y entrenamiento auditivo.<br \/>\nReconocimiento de intervalos, acordes, dictado mel\u00f3dico y r\u00edtmico.<br \/>\nDescripci\u00f3n de una partitura (tonalidad, comp\u00e1s, harmon\u00eda, forma, estilo)<\/p>\n<p>3) Entrevista<\/p>\n<p><strong>Inicio de estudios<\/strong><br \/>\n21 de septiembre de 2026<\/p>\n<p><strong>Contacto<\/strong><br \/>\nMatthias B\u00f6lts,\u00a0 <a href=\"mailto:info@menschmusik.de\">info@menschmusik.de<\/a>[\/vc_column_text][vc_empty_space height=&#8221;100px&#8221;][vc_column_text el_class=&#8221;sub-navi&#8221;]<a href=\"https:\/\/menschmusik.de\/es\/maestros\/\">Maestros<\/a> <a href=\"https:\/\/menschmusik.de\/es\/objetivos\/\">Objetivos<\/a> <a href=\"https:\/\/menschmusik.de\/es\/medios\/\">Medios<\/a> <a href=\"https:\/\/menschmusik.de\/es\/matricula-y-ayuda-financiera\/\">Matr\u00edcula\u00a0y\u00a0ayuda\u00a0financiera<\/a><br \/>\n<a href=\"https:\/\/menschmusik.de\/es\/admisiones\/\">Admisiones<\/a> [\/vc_column_text][\/vc_column_inner][vc_column_inner width=&#8221;1\/12&#8243;][\/vc_column_inner][\/vc_row_inner][\/vc_column][\/vc_row][vc_row][vc_column][vc_empty_space height=&#8221;100px&#8221;][\/vc_column][\/vc_row]<\/p>\n<\/div>","protected":false},"excerpt":{"rendered":"<p>[vc_row][vc_column css=&#8221;.vc_custom_1653915704574{margin-bottom: 0px !important;}&#8221;][vc_empty_space height=&#8221;40px&#8221;][vc_row_inner][vc_column_inner width=&#8221;1\/12&#8243; el_class=&#8221;head-under&#8221;][vc_column_text][\/vc_column_text][\/vc_column_inner][vc_column_inner width=&#8221;10\/12&#8243;][vc_column_text el_class=&#8221;sub-navi-top&#8221;]Pedagog\u00eda instrumental Pedagog\u00eda musical elemental Pedagog\u00eda vocal Docente\u00a0de\u00a0m\u00fasica[\/vc_column_text][\/vc_column_inner][vc_column_inner width=&#8221;1\/12&#8243;][\/vc_column_inner][\/vc_row_inner][\/vc_column][\/vc_row][vc_row][vc_column][vc_row_inner][vc_column_inner width=&#8221;1\/12&#8243; el_class=&#8221;head-under&#8221;][vc_column_text el_class=&#8221;unterstrich&#8221;]\u00a0[\/vc_column_text][\/vc_column_inner][vc_column_inner width=&#8221;10\/12&#8243;][vc_column_text] Docente de m\u00fasica en escuelas Waldorf [\/vc_column_text][vc_empty_space height=&#8221;15px&#8221;][vc_column_text css=&#8221;&#8221;]\u00bfTe apasiona la idea de estructurar y enriquecer la vida musical de una escuela Waldorf, acompa\u00f1ar el proceso de ni\u00f1os\/as y j\u00f3venes durante su per\u00edodo escolar? [&hellip;]<\/p>\n","protected":false},"author":2,"featured_media":0,"parent":0,"menu_order":0,"comment_status":"closed","ping_status":"closed","template":"","meta":{"_acf_changed":false,"inline_featured_image":false,"footnotes":""},"class_list":["post-900","page","type-page","status-publish","hentry"],"acf":[],"yoast_head":"<!-- This site is optimized with the Yoast SEO plugin v26.5 - https:\/\/yoast.com\/wordpress\/plugins\/seo\/ -->\n<title>Docente de m\u00fasica - MenschMusik Hamburg - Freie Musikakademie, Studium, Konzert, Forschung<\/title>\n<meta name=\"robots\" content=\"index, follow, max-snippet:-1, max-image-preview:large, max-video-preview:-1\" \/>\n<link rel=\"canonical\" href=\"https:\/\/menschmusik.de\/es\/docente-de-musica\/\" \/>\n<meta property=\"og:locale\" content=\"es_ES\" \/>\n<meta property=\"og:type\" content=\"article\" \/>\n<meta property=\"og:title\" content=\"Docente de m\u00fasica - MenschMusik Hamburg - Freie Musikakademie, Studium, Konzert, Forschung\" \/>\n<meta property=\"og:description\" content=\"[vc_row][vc_column css=&#8221;.vc_custom_1653915704574{margin-bottom: 0px !important;}&#8221;][vc_empty_space height=&#8221;40px&#8221;][vc_row_inner][vc_column_inner width=&#8221;1\/12&#8243; el_class=&#8221;head-under&#8221;][vc_column_text][\/vc_column_text][\/vc_column_inner][vc_column_inner width=&#8221;10\/12&#8243;][vc_column_text el_class=&#8221;sub-navi-top&#8221;]Pedagog\u00eda instrumental Pedagog\u00eda musical elemental Pedagog\u00eda vocal Docente\u00a0de\u00a0m\u00fasica[\/vc_column_text][\/vc_column_inner][vc_column_inner width=&#8221;1\/12&#8243;][\/vc_column_inner][\/vc_row_inner][\/vc_column][\/vc_row][vc_row][vc_column][vc_row_inner][vc_column_inner width=&#8221;1\/12&#8243; el_class=&#8221;head-under&#8221;][vc_column_text el_class=&#8221;unterstrich&#8221;]\u00a0[\/vc_column_text][\/vc_column_inner][vc_column_inner width=&#8221;10\/12&#8243;][vc_column_text] Docente de m\u00fasica en escuelas Waldorf [\/vc_column_text][vc_empty_space height=&#8221;15px&#8221;][vc_column_text css=&#8221;&#8221;]\u00bfTe apasiona la idea de estructurar y enriquecer la vida musical de una escuela Waldorf, acompa\u00f1ar el proceso de ni\u00f1os\/as y j\u00f3venes durante su per\u00edodo escolar? [&hellip;]\" \/>\n<meta property=\"og:url\" content=\"https:\/\/menschmusik.de\/es\/docente-de-musica\/\" \/>\n<meta property=\"og:site_name\" content=\"MenschMusik Hamburg - Freie Musikakademie, Studium, Konzert, Forschung\" \/>\n<meta property=\"article:modified_time\" content=\"2026-01-18T14:12:46+00:00\" \/>\n<meta name=\"twitter:card\" content=\"summary_large_image\" \/>\n<meta name=\"twitter:label1\" content=\"Tiempo de lectura\" \/>\n\t<meta name=\"twitter:data1\" content=\"3 minutos\" \/>\n<script type=\"application\/ld+json\" class=\"yoast-schema-graph\">{\"@context\":\"https:\/\/schema.org\",\"@graph\":[{\"@type\":\"WebPage\",\"@id\":\"https:\/\/menschmusik.de\/es\/docente-de-musica\/\",\"url\":\"https:\/\/menschmusik.de\/es\/docente-de-musica\/\",\"name\":\"Docente de m\u00fasica - MenschMusik Hamburg - Freie Musikakademie, Studium, Konzert, Forschung\",\"isPartOf\":{\"@id\":\"https:\/\/menschmusik.de\/#website\"},\"datePublished\":\"2022-06-15T15:33:14+00:00\",\"dateModified\":\"2026-01-18T14:12:46+00:00\",\"breadcrumb\":{\"@id\":\"https:\/\/menschmusik.de\/es\/docente-de-musica\/#breadcrumb\"},\"inLanguage\":\"es\",\"potentialAction\":[{\"@type\":\"ReadAction\",\"target\":[\"https:\/\/menschmusik.de\/es\/docente-de-musica\/\"]}]},{\"@type\":\"BreadcrumbList\",\"@id\":\"https:\/\/menschmusik.de\/es\/docente-de-musica\/#breadcrumb\",\"itemListElement\":[{\"@type\":\"ListItem\",\"position\":1,\"name\":\"Startseite\",\"item\":\"https:\/\/menschmusik.de\/\"},{\"@type\":\"ListItem\",\"position\":2,\"name\":\"Docente de m\u00fasica\"}]},{\"@type\":\"WebSite\",\"@id\":\"https:\/\/menschmusik.de\/#website\",\"url\":\"https:\/\/menschmusik.de\/\",\"name\":\"MenschMusik Hamburg - Freie Musikakademie, Studium, Konzert, Forschung\",\"description\":\"\",\"potentialAction\":[{\"@type\":\"SearchAction\",\"target\":{\"@type\":\"EntryPoint\",\"urlTemplate\":\"https:\/\/menschmusik.de\/?s={search_term_string}\"},\"query-input\":{\"@type\":\"PropertyValueSpecification\",\"valueRequired\":true,\"valueName\":\"search_term_string\"}}],\"inLanguage\":\"es\"}]}<\/script>\n<!-- \/ Yoast SEO plugin. -->","yoast_head_json":{"title":"Docente de m\u00fasica - MenschMusik Hamburg - Freie Musikakademie, Studium, Konzert, Forschung","robots":{"index":"index","follow":"follow","max-snippet":"max-snippet:-1","max-image-preview":"max-image-preview:large","max-video-preview":"max-video-preview:-1"},"canonical":"https:\/\/menschmusik.de\/es\/docente-de-musica\/","og_locale":"es_ES","og_type":"article","og_title":"Docente de m\u00fasica - MenschMusik Hamburg - Freie Musikakademie, Studium, Konzert, Forschung","og_description":"[vc_row][vc_column css=&#8221;.vc_custom_1653915704574{margin-bottom: 0px !important;}&#8221;][vc_empty_space height=&#8221;40px&#8221;][vc_row_inner][vc_column_inner width=&#8221;1\/12&#8243; el_class=&#8221;head-under&#8221;][vc_column_text][\/vc_column_text][\/vc_column_inner][vc_column_inner width=&#8221;10\/12&#8243;][vc_column_text el_class=&#8221;sub-navi-top&#8221;]Pedagog\u00eda instrumental Pedagog\u00eda musical elemental Pedagog\u00eda vocal Docente\u00a0de\u00a0m\u00fasica[\/vc_column_text][\/vc_column_inner][vc_column_inner width=&#8221;1\/12&#8243;][\/vc_column_inner][\/vc_row_inner][\/vc_column][\/vc_row][vc_row][vc_column][vc_row_inner][vc_column_inner width=&#8221;1\/12&#8243; el_class=&#8221;head-under&#8221;][vc_column_text el_class=&#8221;unterstrich&#8221;]\u00a0[\/vc_column_text][\/vc_column_inner][vc_column_inner width=&#8221;10\/12&#8243;][vc_column_text] Docente de m\u00fasica en escuelas Waldorf [\/vc_column_text][vc_empty_space height=&#8221;15px&#8221;][vc_column_text css=&#8221;&#8221;]\u00bfTe apasiona la idea de estructurar y enriquecer la vida musical de una escuela Waldorf, acompa\u00f1ar el proceso de ni\u00f1os\/as y j\u00f3venes durante su per\u00edodo escolar? [&hellip;]","og_url":"https:\/\/menschmusik.de\/es\/docente-de-musica\/","og_site_name":"MenschMusik Hamburg - Freie Musikakademie, Studium, Konzert, Forschung","article_modified_time":"2026-01-18T14:12:46+00:00","twitter_card":"summary_large_image","twitter_misc":{"Tiempo de lectura":"3 minutos"},"schema":{"@context":"https:\/\/schema.org","@graph":[{"@type":"WebPage","@id":"https:\/\/menschmusik.de\/es\/docente-de-musica\/","url":"https:\/\/menschmusik.de\/es\/docente-de-musica\/","name":"Docente de m\u00fasica - MenschMusik Hamburg - Freie Musikakademie, Studium, Konzert, Forschung","isPartOf":{"@id":"https:\/\/menschmusik.de\/#website"},"datePublished":"2022-06-15T15:33:14+00:00","dateModified":"2026-01-18T14:12:46+00:00","breadcrumb":{"@id":"https:\/\/menschmusik.de\/es\/docente-de-musica\/#breadcrumb"},"inLanguage":"es","potentialAction":[{"@type":"ReadAction","target":["https:\/\/menschmusik.de\/es\/docente-de-musica\/"]}]},{"@type":"BreadcrumbList","@id":"https:\/\/menschmusik.de\/es\/docente-de-musica\/#breadcrumb","itemListElement":[{"@type":"ListItem","position":1,"name":"Startseite","item":"https:\/\/menschmusik.de\/"},{"@type":"ListItem","position":2,"name":"Docente de m\u00fasica"}]},{"@type":"WebSite","@id":"https:\/\/menschmusik.de\/#website","url":"https:\/\/menschmusik.de\/","name":"MenschMusik Hamburg - Freie Musikakademie, Studium, Konzert, Forschung","description":"","potentialAction":[{"@type":"SearchAction","target":{"@type":"EntryPoint","urlTemplate":"https:\/\/menschmusik.de\/?s={search_term_string}"},"query-input":{"@type":"PropertyValueSpecification","valueRequired":true,"valueName":"search_term_string"}}],"inLanguage":"es"}]}},"_links":{"self":[{"href":"https:\/\/menschmusik.de\/es\/wp-json\/wp\/v2\/pages\/900","targetHints":{"allow":["GET"]}}],"collection":[{"href":"https:\/\/menschmusik.de\/es\/wp-json\/wp\/v2\/pages"}],"about":[{"href":"https:\/\/menschmusik.de\/es\/wp-json\/wp\/v2\/types\/page"}],"author":[{"embeddable":true,"href":"https:\/\/menschmusik.de\/es\/wp-json\/wp\/v2\/users\/2"}],"replies":[{"embeddable":true,"href":"https:\/\/menschmusik.de\/es\/wp-json\/wp\/v2\/comments?post=900"}],"version-history":[{"count":11,"href":"https:\/\/menschmusik.de\/es\/wp-json\/wp\/v2\/pages\/900\/revisions"}],"predecessor-version":[{"id":9115,"href":"https:\/\/menschmusik.de\/es\/wp-json\/wp\/v2\/pages\/900\/revisions\/9115"}],"wp:attachment":[{"href":"https:\/\/menschmusik.de\/es\/wp-json\/wp\/v2\/media?parent=900"}],"curies":[{"name":"wp","href":"https:\/\/api.w.org\/{rel}","templated":true}]}}