{"id":889,"date":"2022-06-15T17:23:44","date_gmt":"2022-06-15T15:23:44","guid":{"rendered":"https:\/\/menschmusik.de\/?page_id=889"},"modified":"2026-01-18T15:23:25","modified_gmt":"2026-01-18T14:23:25","slug":"pedagogia-vocal","status":"publish","type":"page","link":"https:\/\/menschmusik.de\/es\/pedagogia-vocal\/","title":{"rendered":"Pedagog\u00eda vocal"},"content":{"rendered":"<div class=\"wpb-content-wrapper\"><p>[vc_row][vc_column css=&#8221;.vc_custom_1653915704574{margin-bottom: 0px !important;}&#8221;][vc_empty_space height=&#8221;40px&#8221;][vc_row_inner][vc_column_inner width=&#8221;1\/12&#8243; el_class=&#8221;head-under&#8221;][vc_column_text][\/vc_column_text][\/vc_column_inner][vc_column_inner width=&#8221;10\/12&#8243;][vc_column_text el_class=&#8221;sub-navi-top&#8221;]<a href=\"https:\/\/menschmusik.de\/es\/pedagogia-instrumental\/\">Pedagog\u00eda instrumental<\/a> <a href=\"https:\/\/menschmusik.de\/es\/pedagogia-musical-elemental\/\">Pedagog\u00eda musical elemental<\/a> <a class=\"active\" href=\"https:\/\/menschmusik.de\/es\/pedagogia-vocal\/\">Pedagog\u00eda vocal<\/a> <a href=\"https:\/\/menschmusik.de\/es\/docente-de-musica\/\">Docente\u00a0de\u00a0m\u00fasica<\/a>[\/vc_column_text][\/vc_column_inner][vc_column_inner width=&#8221;1\/12&#8243;][\/vc_column_inner][\/vc_row_inner][\/vc_column][\/vc_row][vc_row][vc_column][vc_row_inner][vc_column_inner width=&#8221;1\/12&#8243; el_class=&#8221;head-under&#8221;][vc_column_text el_class=&#8221;unterstrich&#8221;]\u00a0[\/vc_column_text][\/vc_column_inner][vc_column_inner width=&#8221;10\/12&#8243;][vc_column_text]<\/p>\n<h2>Canto y direcci\u00f3n coral<\/h2>\n<p>[\/vc_column_text][vc_empty_space height=&#8221;5px&#8221;][vc_column_text]<span style=\"font-size: 26px; font-weight: 200;\">El canto se desarrolla en la escucha del oyente cuidadoso. <\/span><span style=\"font-size: 20px;\">Yehudi Menuhin<\/span>[\/vc_column_text][vc_empty_space height=&#8221;15px&#8221;][vc_column_text css=&#8221;&#8221;]\u00bfEres cantante, disfrutas haciendo m\u00fasica y te gustar\u00eda transmitir esto a los dem\u00e1s en conciertos y clases? \u00bfTienes experiencia en proyectos y formaci\u00f3n previa en canto solista y\/o coral? \u00bfTe gustar\u00eda ampliar tu repertorio y aptitudes art\u00edsticas, dar conciertos, cantar en conjuntos y dirigir coros? Entonces, el programa de grado en pedagog\u00eda vocal puede ser perfecto para ti.<\/p>\n<p><strong>Formaci\u00f3n profesional<\/strong><br \/>\nA partir del segundo a\u00f1o de formaci\u00f3n, estar\u00e1s a cargo de tu propio concierto\/proyecto, visitar\u00e1s escuelas de m\u00fasica, te ocupar\u00e1s intensamente de la anatom\u00eda y la fisiolog\u00eda de la voz y desarrollar\u00e1s tu propio trabajo coral. En el proceso, crecer\u00e1s gradualmente hacia las posibilidades y exigencias de la vida profesional como cantante independiente y profesor\/a de canto.<\/p>\n<p><strong>Asignaturas<\/strong><br \/>\nClase principal de canto, Piano complementario, Acompa\u00f1amiento, Pedagog\u00eda vocal, Interpretaci\u00f3n, Direcci\u00f3n coral, T\u00e9cnica vocal para coros, Ensamble, Improvisaci\u00f3n, Fenomenolog\u00eda musical, Pedagog\u00eda de conciertos, T\u00e9cnicas de escritura, Entrenamiento auditivo, Teor\u00eda de la m\u00fasica, Historia de la m\u00fasica, Formas musicales, Antroposof\u00eda, Euritmia, Coro, Teatro, Gesti\u00f3n de proyectos\/conciertos.<\/p>\n<p><strong>Pedagog\u00eda vocal en MenschMusik Hamburg<\/strong><br \/>\nPosibilidad de formaci\u00f3n seg\u00fan la \u201cSchule der Stimmenth\u00fcllung\u201d<br \/>\nAntroposof\u00eda como base de la pedagog\u00eda.<br \/>\nFenomenolog\u00eda musical como m\u00e9todo interdisciplinar.<\/p>\n<p><strong>No es UN estudio, es TU estudio<\/strong><br \/>\nEl\/la estudiante establece sus prioridades.<br \/>\nAprendizaje a trav\u00e9s de proyectos: \u201cInvolve me and I learn\u201d<br \/>\nAcompa\u00f1amiento de un\/a mentor\/a<\/p>\n<p><strong>Duraci\u00f3n del estudio<\/strong><br \/>\n4 a\u00f1os<\/p>\n<p><strong>Requerimientos<\/strong><br \/>\nContenido de la prueba de admisi\u00f3n:<\/p>\n<ul>\n<li>Audici\u00f3n con tres piezas de diferente estil\u00edstica. Lectura a primera vista.<br \/>\nConocimientos b\u00e1sicos de piano u otro instrumento arm\u00f3nico.<br \/>\nExamen oral de teor\u00eda de la m\u00fasica y entrenamiento auditivo.<br \/>\nEntrevista<\/li>\n<\/ul>\n<p><strong>Estructura del estudio (documentos en alem\u00e1n)<\/strong><br \/>\n<a href=\"https:\/\/menschmusik.de\/wp-content\/uploads\/Allgemeine_Pruefungsordnung.pdf\" target=\"_blank\" rel=\"noopener\">Allgemeine Pr\u00fcfungsordnung<\/a><\/p>\n<p><strong>Titulaci\u00f3n<\/strong><br \/>\nT\u00edtulo acreditado (Qualifikation) como cantante independiente, profesor\/a de canto y director\/a coral.<\/p>\n<p><strong>Inicio de estudios<\/strong><br \/>\n21 de septiembre de 2026<\/p>\n<p><strong>Contacto<\/strong><br \/>\nMatthias B\u00f6lts, <a href=\"mailto:info@menschmusik.de\">info@menschmusik.de<\/a>[\/vc_column_text][vc_empty_space height=&#8221;100px&#8221;][vc_column_text el_class=&#8221;sub-navi&#8221;]<a href=\"https:\/\/menschmusik.de\/es\/maestros\/\">Maestros<\/a> <a href=\"https:\/\/menschmusik.de\/es\/objetivos\/\">Objetivos<\/a> <a href=\"https:\/\/menschmusik.de\/es\/medios\/\">Medios<\/a> <a href=\"https:\/\/menschmusik.de\/es\/matricula-y-ayuda-financiera\/\">Matr\u00edcula\u00a0y\u00a0ayuda\u00a0financiera<\/a><br \/>\n<a href=\"https:\/\/menschmusik.de\/es\/admisiones\/\">Admisiones<\/a>[\/vc_column_text][\/vc_column_inner][vc_column_inner width=&#8221;1\/12&#8243;][\/vc_column_inner][\/vc_row_inner][\/vc_column][\/vc_row][vc_row][vc_column][vc_empty_space height=&#8221;100px&#8221;][\/vc_column][\/vc_row]<\/p>\n<\/div>","protected":false},"excerpt":{"rendered":"<p>[vc_row][vc_column css=&#8221;.vc_custom_1653915704574{margin-bottom: 0px !important;}&#8221;][vc_empty_space height=&#8221;40px&#8221;][vc_row_inner][vc_column_inner width=&#8221;1\/12&#8243; el_class=&#8221;head-under&#8221;][vc_column_text][\/vc_column_text][\/vc_column_inner][vc_column_inner width=&#8221;10\/12&#8243;][vc_column_text el_class=&#8221;sub-navi-top&#8221;]Pedagog\u00eda instrumental Pedagog\u00eda musical elemental Pedagog\u00eda vocal Docente\u00a0de\u00a0m\u00fasica[\/vc_column_text][\/vc_column_inner][vc_column_inner width=&#8221;1\/12&#8243;][\/vc_column_inner][\/vc_row_inner][\/vc_column][\/vc_row][vc_row][vc_column][vc_row_inner][vc_column_inner width=&#8221;1\/12&#8243; el_class=&#8221;head-under&#8221;][vc_column_text el_class=&#8221;unterstrich&#8221;]\u00a0[\/vc_column_text][\/vc_column_inner][vc_column_inner width=&#8221;10\/12&#8243;][vc_column_text] Canto y direcci\u00f3n coral [\/vc_column_text][vc_empty_space height=&#8221;5px&#8221;][vc_column_text]El canto se desarrolla en la escucha del oyente cuidadoso. Yehudi Menuhin[\/vc_column_text][vc_empty_space height=&#8221;15px&#8221;][vc_column_text css=&#8221;&#8221;]\u00bfEres cantante, disfrutas haciendo m\u00fasica y te gustar\u00eda transmitir esto a los dem\u00e1s en conciertos y [&hellip;]<\/p>\n","protected":false},"author":2,"featured_media":0,"parent":0,"menu_order":0,"comment_status":"closed","ping_status":"closed","template":"","meta":{"_acf_changed":false,"inline_featured_image":false,"footnotes":""},"class_list":["post-889","page","type-page","status-publish","hentry"],"acf":[],"yoast_head":"<!-- This site is optimized with the Yoast SEO plugin v26.5 - https:\/\/yoast.com\/wordpress\/plugins\/seo\/ -->\n<title>Pedagog\u00eda vocal - MenschMusik Hamburg - Freie Musikakademie, Studium, Konzert, Forschung<\/title>\n<meta name=\"robots\" content=\"index, follow, max-snippet:-1, max-image-preview:large, max-video-preview:-1\" \/>\n<link rel=\"canonical\" href=\"https:\/\/menschmusik.de\/es\/pedagogia-vocal\/\" \/>\n<meta property=\"og:locale\" content=\"es_ES\" \/>\n<meta property=\"og:type\" content=\"article\" \/>\n<meta property=\"og:title\" content=\"Pedagog\u00eda vocal - MenschMusik Hamburg - Freie Musikakademie, Studium, Konzert, Forschung\" \/>\n<meta property=\"og:description\" content=\"[vc_row][vc_column css=&#8221;.vc_custom_1653915704574{margin-bottom: 0px !important;}&#8221;][vc_empty_space height=&#8221;40px&#8221;][vc_row_inner][vc_column_inner width=&#8221;1\/12&#8243; el_class=&#8221;head-under&#8221;][vc_column_text][\/vc_column_text][\/vc_column_inner][vc_column_inner width=&#8221;10\/12&#8243;][vc_column_text el_class=&#8221;sub-navi-top&#8221;]Pedagog\u00eda instrumental Pedagog\u00eda musical elemental Pedagog\u00eda vocal Docente\u00a0de\u00a0m\u00fasica[\/vc_column_text][\/vc_column_inner][vc_column_inner width=&#8221;1\/12&#8243;][\/vc_column_inner][\/vc_row_inner][\/vc_column][\/vc_row][vc_row][vc_column][vc_row_inner][vc_column_inner width=&#8221;1\/12&#8243; el_class=&#8221;head-under&#8221;][vc_column_text el_class=&#8221;unterstrich&#8221;]\u00a0[\/vc_column_text][\/vc_column_inner][vc_column_inner width=&#8221;10\/12&#8243;][vc_column_text] Canto y direcci\u00f3n coral [\/vc_column_text][vc_empty_space height=&#8221;5px&#8221;][vc_column_text]El canto se desarrolla en la escucha del oyente cuidadoso. Yehudi Menuhin[\/vc_column_text][vc_empty_space height=&#8221;15px&#8221;][vc_column_text css=&#8221;&#8221;]\u00bfEres cantante, disfrutas haciendo m\u00fasica y te gustar\u00eda transmitir esto a los dem\u00e1s en conciertos y [&hellip;]\" \/>\n<meta property=\"og:url\" content=\"https:\/\/menschmusik.de\/es\/pedagogia-vocal\/\" \/>\n<meta property=\"og:site_name\" content=\"MenschMusik Hamburg - Freie Musikakademie, Studium, Konzert, Forschung\" \/>\n<meta property=\"article:modified_time\" content=\"2026-01-18T14:23:25+00:00\" \/>\n<meta name=\"twitter:card\" content=\"summary_large_image\" \/>\n<meta name=\"twitter:label1\" content=\"Tiempo de lectura\" \/>\n\t<meta name=\"twitter:data1\" content=\"2 minutos\" \/>\n<script type=\"application\/ld+json\" class=\"yoast-schema-graph\">{\"@context\":\"https:\/\/schema.org\",\"@graph\":[{\"@type\":\"WebPage\",\"@id\":\"https:\/\/menschmusik.de\/es\/pedagogia-vocal\/\",\"url\":\"https:\/\/menschmusik.de\/es\/pedagogia-vocal\/\",\"name\":\"Pedagog\u00eda vocal - MenschMusik Hamburg - Freie Musikakademie, Studium, Konzert, Forschung\",\"isPartOf\":{\"@id\":\"https:\/\/menschmusik.de\/#website\"},\"datePublished\":\"2022-06-15T15:23:44+00:00\",\"dateModified\":\"2026-01-18T14:23:25+00:00\",\"breadcrumb\":{\"@id\":\"https:\/\/menschmusik.de\/es\/pedagogia-vocal\/#breadcrumb\"},\"inLanguage\":\"es\",\"potentialAction\":[{\"@type\":\"ReadAction\",\"target\":[\"https:\/\/menschmusik.de\/es\/pedagogia-vocal\/\"]}]},{\"@type\":\"BreadcrumbList\",\"@id\":\"https:\/\/menschmusik.de\/es\/pedagogia-vocal\/#breadcrumb\",\"itemListElement\":[{\"@type\":\"ListItem\",\"position\":1,\"name\":\"Startseite\",\"item\":\"https:\/\/menschmusik.de\/\"},{\"@type\":\"ListItem\",\"position\":2,\"name\":\"Pedagog\u00eda vocal\"}]},{\"@type\":\"WebSite\",\"@id\":\"https:\/\/menschmusik.de\/#website\",\"url\":\"https:\/\/menschmusik.de\/\",\"name\":\"MenschMusik Hamburg - Freie Musikakademie, Studium, Konzert, Forschung\",\"description\":\"\",\"potentialAction\":[{\"@type\":\"SearchAction\",\"target\":{\"@type\":\"EntryPoint\",\"urlTemplate\":\"https:\/\/menschmusik.de\/?s={search_term_string}\"},\"query-input\":{\"@type\":\"PropertyValueSpecification\",\"valueRequired\":true,\"valueName\":\"search_term_string\"}}],\"inLanguage\":\"es\"}]}<\/script>\n<!-- \/ Yoast SEO plugin. -->","yoast_head_json":{"title":"Pedagog\u00eda vocal - MenschMusik Hamburg - Freie Musikakademie, Studium, Konzert, Forschung","robots":{"index":"index","follow":"follow","max-snippet":"max-snippet:-1","max-image-preview":"max-image-preview:large","max-video-preview":"max-video-preview:-1"},"canonical":"https:\/\/menschmusik.de\/es\/pedagogia-vocal\/","og_locale":"es_ES","og_type":"article","og_title":"Pedagog\u00eda vocal - MenschMusik Hamburg - Freie Musikakademie, Studium, Konzert, Forschung","og_description":"[vc_row][vc_column css=&#8221;.vc_custom_1653915704574{margin-bottom: 0px !important;}&#8221;][vc_empty_space height=&#8221;40px&#8221;][vc_row_inner][vc_column_inner width=&#8221;1\/12&#8243; el_class=&#8221;head-under&#8221;][vc_column_text][\/vc_column_text][\/vc_column_inner][vc_column_inner width=&#8221;10\/12&#8243;][vc_column_text el_class=&#8221;sub-navi-top&#8221;]Pedagog\u00eda instrumental Pedagog\u00eda musical elemental Pedagog\u00eda vocal Docente\u00a0de\u00a0m\u00fasica[\/vc_column_text][\/vc_column_inner][vc_column_inner width=&#8221;1\/12&#8243;][\/vc_column_inner][\/vc_row_inner][\/vc_column][\/vc_row][vc_row][vc_column][vc_row_inner][vc_column_inner width=&#8221;1\/12&#8243; el_class=&#8221;head-under&#8221;][vc_column_text el_class=&#8221;unterstrich&#8221;]\u00a0[\/vc_column_text][\/vc_column_inner][vc_column_inner width=&#8221;10\/12&#8243;][vc_column_text] Canto y direcci\u00f3n coral [\/vc_column_text][vc_empty_space height=&#8221;5px&#8221;][vc_column_text]El canto se desarrolla en la escucha del oyente cuidadoso. Yehudi Menuhin[\/vc_column_text][vc_empty_space height=&#8221;15px&#8221;][vc_column_text css=&#8221;&#8221;]\u00bfEres cantante, disfrutas haciendo m\u00fasica y te gustar\u00eda transmitir esto a los dem\u00e1s en conciertos y [&hellip;]","og_url":"https:\/\/menschmusik.de\/es\/pedagogia-vocal\/","og_site_name":"MenschMusik Hamburg - Freie Musikakademie, Studium, Konzert, Forschung","article_modified_time":"2026-01-18T14:23:25+00:00","twitter_card":"summary_large_image","twitter_misc":{"Tiempo de lectura":"2 minutos"},"schema":{"@context":"https:\/\/schema.org","@graph":[{"@type":"WebPage","@id":"https:\/\/menschmusik.de\/es\/pedagogia-vocal\/","url":"https:\/\/menschmusik.de\/es\/pedagogia-vocal\/","name":"Pedagog\u00eda vocal - MenschMusik Hamburg - Freie Musikakademie, Studium, Konzert, Forschung","isPartOf":{"@id":"https:\/\/menschmusik.de\/#website"},"datePublished":"2022-06-15T15:23:44+00:00","dateModified":"2026-01-18T14:23:25+00:00","breadcrumb":{"@id":"https:\/\/menschmusik.de\/es\/pedagogia-vocal\/#breadcrumb"},"inLanguage":"es","potentialAction":[{"@type":"ReadAction","target":["https:\/\/menschmusik.de\/es\/pedagogia-vocal\/"]}]},{"@type":"BreadcrumbList","@id":"https:\/\/menschmusik.de\/es\/pedagogia-vocal\/#breadcrumb","itemListElement":[{"@type":"ListItem","position":1,"name":"Startseite","item":"https:\/\/menschmusik.de\/"},{"@type":"ListItem","position":2,"name":"Pedagog\u00eda vocal"}]},{"@type":"WebSite","@id":"https:\/\/menschmusik.de\/#website","url":"https:\/\/menschmusik.de\/","name":"MenschMusik Hamburg - Freie Musikakademie, Studium, Konzert, Forschung","description":"","potentialAction":[{"@type":"SearchAction","target":{"@type":"EntryPoint","urlTemplate":"https:\/\/menschmusik.de\/?s={search_term_string}"},"query-input":{"@type":"PropertyValueSpecification","valueRequired":true,"valueName":"search_term_string"}}],"inLanguage":"es"}]}},"_links":{"self":[{"href":"https:\/\/menschmusik.de\/es\/wp-json\/wp\/v2\/pages\/889","targetHints":{"allow":["GET"]}}],"collection":[{"href":"https:\/\/menschmusik.de\/es\/wp-json\/wp\/v2\/pages"}],"about":[{"href":"https:\/\/menschmusik.de\/es\/wp-json\/wp\/v2\/types\/page"}],"author":[{"embeddable":true,"href":"https:\/\/menschmusik.de\/es\/wp-json\/wp\/v2\/users\/2"}],"replies":[{"embeddable":true,"href":"https:\/\/menschmusik.de\/es\/wp-json\/wp\/v2\/comments?post=889"}],"version-history":[{"count":14,"href":"https:\/\/menschmusik.de\/es\/wp-json\/wp\/v2\/pages\/889\/revisions"}],"predecessor-version":[{"id":9122,"href":"https:\/\/menschmusik.de\/es\/wp-json\/wp\/v2\/pages\/889\/revisions\/9122"}],"wp:attachment":[{"href":"https:\/\/menschmusik.de\/es\/wp-json\/wp\/v2\/media?parent=889"}],"curies":[{"name":"wp","href":"https:\/\/api.w.org\/{rel}","templated":true}]}}