{"id":872,"date":"2022-06-15T16:56:37","date_gmt":"2022-06-15T14:56:37","guid":{"rendered":"https:\/\/menschmusik.de\/?page_id=872"},"modified":"2026-01-18T15:13:24","modified_gmt":"2026-01-18T14:13:24","slug":"pedagogia-musical-elemental","status":"publish","type":"page","link":"https:\/\/menschmusik.de\/es\/pedagogia-musical-elemental\/","title":{"rendered":"Pedagog\u00eda musical elemental"},"content":{"rendered":"<div class=\"wpb-content-wrapper\"><p>[vc_row][vc_column css=&#8221;.vc_custom_1653915704574{margin-bottom: 0px !important;}&#8221;][vc_empty_space height=&#8221;40px&#8221;][vc_row_inner][vc_column_inner width=&#8221;1\/12&#8243; el_class=&#8221;head-under&#8221;][vc_column_text][\/vc_column_text][\/vc_column_inner][vc_column_inner width=&#8221;10\/12&#8243;][vc_column_text el_class=&#8221;sub-navi-top&#8221;]<a href=\"https:\/\/menschmusik.de\/es\/pedagogia-instrumental\/\">Pedagog\u00eda instrumental<\/a> <a class=\"active\" href=\"https:\/\/menschmusik.de\/es\/pedagogia-musical-elemental\/\">Pedagog\u00eda musical elemental<\/a> <a href=\"https:\/\/menschmusik.de\/es\/pedagogia-vocal\/\">Pedagog\u00eda vocal<\/a> <a href=\"https:\/\/menschmusik.de\/es\/docente-de-musica\/\">Docente\u00a0de\u00a0m\u00fasica<\/a>[\/vc_column_text][\/vc_column_inner][vc_column_inner width=&#8221;1\/12&#8243;][\/vc_column_inner][\/vc_row_inner][\/vc_column][\/vc_row][vc_row][vc_column][vc_row_inner][vc_column_inner width=&#8221;1\/12&#8243; el_class=&#8221;head-under&#8221;][vc_column_text el_class=&#8221;unterstrich&#8221;]\u00a0[\/vc_column_text][\/vc_column_inner][vc_column_inner width=&#8221;10\/12&#8243;][vc_column_text]<\/p>\n<h2>Pedagog\u00eda musical elemental<\/h2>\n<p>[\/vc_column_text][vc_empty_space height=&#8221;5px&#8221;][vc_column_text]<span style=\"font-size: 26px; font-weight: 200;\">La m\u00fasica elemental no es una m\u00fasica sola: est\u00e1 acompa\u00f1ada de movimiento, danza y lenguaje. Es una m\u00fasica que debe ser creada por cada persona.<\/span><br \/>\n<span style=\"font-size: 20px;\">Carl Orff<\/span>[\/vc_column_text][vc_empty_space height=&#8221;15px&#8221;][vc_column_text css=&#8221;&#8221;]\u00bfEres un m\u00fasico polifac\u00e9tico? \u00bfTe gusta poner en pr\u00e1ctica tus propias ideas art\u00edsticas y proyectos en forma de conciertos? \u00bfTe gusta trabajar con personas y motivarlas a vivir sus propias experiencias musicales? \u00bfPresientes que la m\u00fasica y el ser humano est\u00e1n relacionados de forma tal, que el ejercicio musical puede afectar la construcci\u00f3n de la personalidad y acompa\u00f1ar el desarrollo humano, incluso hasta sanar?<\/p>\n<p>Entonces el programa de Pedagog\u00eda Musical Elemental podr\u00eda ser exactamente lo que est\u00e1s buscando.<\/p>\n<p>El plan de estudios a cuatro a\u00f1os en Pedagog\u00eda Musical Elemental (elementare Musikp\u00e4dagogik, EMP) prepara al\/la egresado\/a para un futuro profesional multifac\u00e9tico. Su objetivo es permitir a cualquier ser humano descubrir sus capacidades musicales, a trav\u00e9s del trabajo creativo con instrumentos, con movimiento o con la voz, en los m\u00e1s diferentes entornos sociales.<\/p>\n<p><strong>Campo profesional<\/strong><br \/>\nLa Pedagog\u00eda musical elemental se desenvuelve en diferentes escenarios sociales, en la intersecci\u00f3n entre arte, pedagog\u00eda y terapia.<\/p>\n<p>Para el trabajo grupal existen, por ejemplo:<\/p>\n<ul>\n<li>Grupos de padres y estudiantes en escuelas de m\u00fasica, educaci\u00f3n musical temprana, oferta musical en residencias geri\u00e1tricas<\/li>\n<li>Coros, grupos instrumentales, grupos de tambores<\/li>\n<li>Grupos de j\u00f3venes en situaci\u00f3n de vulnerabilidad social, y pedagog\u00eda en regiones en crisis (Traumap\u00e4dagogik)<\/li>\n<li>Trabajo como profesor privado de instrumento o canto.<\/li>\n<li>Actividad art\u00edstica propia: conciertos, performance, pedagog\u00eda de conciertos.<\/li>\n<\/ul>\n<p><strong>Asignaturas<\/strong><br \/>\nAsignatura principal (instrumento, canto o r\u00edtmica), Metodolog\u00eda y did\u00e1ctica, Segunda asignatura principal EMP, Traumap\u00e4dagogik, Visitas (Hospitation) y pr\u00e1ctica docente, Proyectos de EMP, Pr\u00e1ctica coral, Grupo instrumental, M\u00fasica de c\u00e1mara, Piano (enfocado a la pr\u00e1ctica), Fenomenolog\u00eda musical, Lenguaje, T\u00e9cnica vocal, Teatro (M\u00e9todo Tschechow), Euritmia, Improvisaci\u00f3n, Direcci\u00f3n coral y de ensambles, T\u00e9cnicas de escritura, Teor\u00eda de la m\u00fasica, Entrenamiento auditivo, Solfeo relativo, Expresi\u00f3n corporal, Danza, Ritmo, Percusi\u00f3n, Body percussion, Historia de la m\u00fasica, Formas musicales, Antroposof\u00eda, Pedagog\u00eda, Gesti\u00f3n de proyectos\/conciertos.<\/p>\n<p><strong>No es UN estudio, es TU estudio<\/strong><br \/>\nEl estudiante establece sus prioridades.<br \/>\nAprendizaje a trav\u00e9s de proyectos: \u00abInvolve me and I learn\u00bb<br \/>\nAcompa\u00f1amiento de un\/a mentor\/a<\/p>\n<p><strong>Pedagog\u00eda musical elemental en MenschMusik Hamburg<\/strong><br \/>\nAntroposof\u00eda como base de la Pedagog\u00eda.<br \/>\nFenomenolog\u00eda Musical como m\u00e9todo interdisciplinar.<br \/>\nDesarrollo de las fuerzas constitutivas del ser humano a trav\u00e9s de la m\u00fasica.<\/p>\n<p><strong>Duraci\u00f3n del estudio<\/strong><br \/>\n4 a\u00f1os<\/p>\n<p><strong>Requerimientos<\/strong><br \/>\nContenido de la prueba de admisi\u00f3n:<\/p>\n<ul>\n<li>Audici\u00f3n de instrumento principal (o canto) con dos piezas de diferente estil\u00edstica.<\/li>\n<li>Conocimientos b\u00e1sicos de piano u otro instrumento arm\u00f3nico.<\/li>\n<li>Audici\u00f3n de una canci\u00f3n de libre elecci\u00f3n (si la asignatura principal es instrumental).<\/li>\n<li>Examen oral de teor\u00eda de la m\u00fasica y entrenamiento auditivo.<\/li>\n<li>Entrevista.<\/li>\n<\/ul>\n<p><strong>Estructura del estudio (documentos en alem\u00e1n)<\/strong><br \/>\n<a href=\"https:\/\/menschmusik.de\/wp-content\/uploads\/EMP_Curriculum.pdf\" target=\"_blank\" rel=\"noopener\">Curriculum EMP \u2013 Musik im Sozialen<\/a><br \/>\n<a href=\"https:\/\/menschmusik.de\/wp-content\/uploads\/EMP_Strukturplan.pdf\" target=\"_blank\" rel=\"noopener\">Strukturplan der Ausbildung<\/a><br \/>\n<a href=\"https:\/\/menschmusik.de\/wp-content\/uploads\/Allgemeine_Pruefungsordnung.pdf\" target=\"_blank\" rel=\"noopener\">Allgemeine Pr\u00fcfungsordnung<\/a><\/p>\n<p><strong>Titulaci\u00f3n<\/strong><br \/>\nCertificado en Pedagog\u00eda Musical Elemental (Berufs-Qualifikation zur frei schaffenden Lehrkraft f\u00fcr Elementare Musikp\u00e4dagogik).<\/p>\n<p><strong>Inicio de estudios<\/strong><br \/>\n21 de septiembre de 2026<\/p>\n<p><strong>Contacto<\/strong><br \/>\nDirecci\u00f3n del programa: Barbara Hanssen, <a href=\"mailto:info@menschmusik.de\">info@menschmusik.de<\/a>[\/vc_column_text][vc_empty_space height=&#8221;100px&#8221;][vc_column_text el_class=&#8221;sub-navi&#8221;]<a href=\"https:\/\/menschmusik.de\/es\/maestros\/\">Maestros<\/a> <a href=\"https:\/\/menschmusik.de\/es\/objetivos\/\">Objetivos<\/a> <a href=\"https:\/\/menschmusik.de\/es\/medios\/\">Medios<\/a> <a href=\"https:\/\/menschmusik.de\/es\/matricula-y-ayuda-financiera\/\">Matr\u00edcula\u00a0y\u00a0ayuda\u00a0financiera<\/a><br \/>\n<a href=\"https:\/\/menschmusik.de\/es\/admisiones\/\">Admisiones<\/a>[\/vc_column_text][\/vc_column_inner][vc_column_inner width=&#8221;1\/12&#8243;][\/vc_column_inner][\/vc_row_inner][\/vc_column][\/vc_row][vc_row][vc_column][vc_empty_space height=&#8221;100px&#8221;][\/vc_column][\/vc_row]<\/p>\n<\/div>","protected":false},"excerpt":{"rendered":"<p>[vc_row][vc_column css=&#8221;.vc_custom_1653915704574{margin-bottom: 0px !important;}&#8221;][vc_empty_space height=&#8221;40px&#8221;][vc_row_inner][vc_column_inner width=&#8221;1\/12&#8243; el_class=&#8221;head-under&#8221;][vc_column_text][\/vc_column_text][\/vc_column_inner][vc_column_inner width=&#8221;10\/12&#8243;][vc_column_text el_class=&#8221;sub-navi-top&#8221;]Pedagog\u00eda instrumental Pedagog\u00eda musical elemental Pedagog\u00eda vocal Docente\u00a0de\u00a0m\u00fasica[\/vc_column_text][\/vc_column_inner][vc_column_inner width=&#8221;1\/12&#8243;][\/vc_column_inner][\/vc_row_inner][\/vc_column][\/vc_row][vc_row][vc_column][vc_row_inner][vc_column_inner width=&#8221;1\/12&#8243; el_class=&#8221;head-under&#8221;][vc_column_text el_class=&#8221;unterstrich&#8221;]\u00a0[\/vc_column_text][\/vc_column_inner][vc_column_inner width=&#8221;10\/12&#8243;][vc_column_text] Pedagog\u00eda musical elemental [\/vc_column_text][vc_empty_space height=&#8221;5px&#8221;][vc_column_text]La m\u00fasica elemental no es una m\u00fasica sola: est\u00e1 acompa\u00f1ada de movimiento, danza y lenguaje. Es una m\u00fasica que debe ser creada por cada persona. Carl Orff[\/vc_column_text][vc_empty_space height=&#8221;15px&#8221;][vc_column_text css=&#8221;&#8221;]\u00bfEres un [&hellip;]<\/p>\n","protected":false},"author":2,"featured_media":0,"parent":0,"menu_order":0,"comment_status":"closed","ping_status":"closed","template":"","meta":{"_acf_changed":false,"inline_featured_image":false,"footnotes":""},"class_list":["post-872","page","type-page","status-publish","hentry"],"acf":[],"yoast_head":"<!-- This site is optimized with the Yoast SEO plugin v26.5 - https:\/\/yoast.com\/wordpress\/plugins\/seo\/ -->\n<title>Pedagog\u00eda musical elemental - MenschMusik Hamburg - Freie Musikakademie, Studium, Konzert, Forschung<\/title>\n<meta name=\"robots\" content=\"index, follow, max-snippet:-1, max-image-preview:large, max-video-preview:-1\" \/>\n<link rel=\"canonical\" href=\"https:\/\/menschmusik.de\/es\/pedagogia-musical-elemental\/\" \/>\n<meta property=\"og:locale\" content=\"es_ES\" \/>\n<meta property=\"og:type\" content=\"article\" \/>\n<meta property=\"og:title\" content=\"Pedagog\u00eda musical elemental - MenschMusik Hamburg - Freie Musikakademie, Studium, Konzert, Forschung\" \/>\n<meta property=\"og:description\" content=\"[vc_row][vc_column css=&#8221;.vc_custom_1653915704574{margin-bottom: 0px !important;}&#8221;][vc_empty_space height=&#8221;40px&#8221;][vc_row_inner][vc_column_inner width=&#8221;1\/12&#8243; el_class=&#8221;head-under&#8221;][vc_column_text][\/vc_column_text][\/vc_column_inner][vc_column_inner width=&#8221;10\/12&#8243;][vc_column_text el_class=&#8221;sub-navi-top&#8221;]Pedagog\u00eda instrumental Pedagog\u00eda musical elemental Pedagog\u00eda vocal Docente\u00a0de\u00a0m\u00fasica[\/vc_column_text][\/vc_column_inner][vc_column_inner width=&#8221;1\/12&#8243;][\/vc_column_inner][\/vc_row_inner][\/vc_column][\/vc_row][vc_row][vc_column][vc_row_inner][vc_column_inner width=&#8221;1\/12&#8243; el_class=&#8221;head-under&#8221;][vc_column_text el_class=&#8221;unterstrich&#8221;]\u00a0[\/vc_column_text][\/vc_column_inner][vc_column_inner width=&#8221;10\/12&#8243;][vc_column_text] Pedagog\u00eda musical elemental [\/vc_column_text][vc_empty_space height=&#8221;5px&#8221;][vc_column_text]La m\u00fasica elemental no es una m\u00fasica sola: est\u00e1 acompa\u00f1ada de movimiento, danza y lenguaje. Es una m\u00fasica que debe ser creada por cada persona. Carl Orff[\/vc_column_text][vc_empty_space height=&#8221;15px&#8221;][vc_column_text css=&#8221;&#8221;]\u00bfEres un [&hellip;]\" \/>\n<meta property=\"og:url\" content=\"https:\/\/menschmusik.de\/es\/pedagogia-musical-elemental\/\" \/>\n<meta property=\"og:site_name\" content=\"MenschMusik Hamburg - Freie Musikakademie, Studium, Konzert, Forschung\" \/>\n<meta property=\"article:modified_time\" content=\"2026-01-18T14:13:24+00:00\" \/>\n<meta name=\"twitter:card\" content=\"summary_large_image\" \/>\n<meta name=\"twitter:label1\" content=\"Tiempo de lectura\" \/>\n\t<meta name=\"twitter:data1\" content=\"3 minutos\" \/>\n<script type=\"application\/ld+json\" class=\"yoast-schema-graph\">{\"@context\":\"https:\/\/schema.org\",\"@graph\":[{\"@type\":\"WebPage\",\"@id\":\"https:\/\/menschmusik.de\/es\/pedagogia-musical-elemental\/\",\"url\":\"https:\/\/menschmusik.de\/es\/pedagogia-musical-elemental\/\",\"name\":\"Pedagog\u00eda musical elemental - MenschMusik Hamburg - Freie Musikakademie, Studium, Konzert, Forschung\",\"isPartOf\":{\"@id\":\"https:\/\/menschmusik.de\/#website\"},\"datePublished\":\"2022-06-15T14:56:37+00:00\",\"dateModified\":\"2026-01-18T14:13:24+00:00\",\"breadcrumb\":{\"@id\":\"https:\/\/menschmusik.de\/es\/pedagogia-musical-elemental\/#breadcrumb\"},\"inLanguage\":\"es\",\"potentialAction\":[{\"@type\":\"ReadAction\",\"target\":[\"https:\/\/menschmusik.de\/es\/pedagogia-musical-elemental\/\"]}]},{\"@type\":\"BreadcrumbList\",\"@id\":\"https:\/\/menschmusik.de\/es\/pedagogia-musical-elemental\/#breadcrumb\",\"itemListElement\":[{\"@type\":\"ListItem\",\"position\":1,\"name\":\"Startseite\",\"item\":\"https:\/\/menschmusik.de\/\"},{\"@type\":\"ListItem\",\"position\":2,\"name\":\"Pedagog\u00eda musical elemental\"}]},{\"@type\":\"WebSite\",\"@id\":\"https:\/\/menschmusik.de\/#website\",\"url\":\"https:\/\/menschmusik.de\/\",\"name\":\"MenschMusik Hamburg - Freie Musikakademie, Studium, Konzert, Forschung\",\"description\":\"\",\"potentialAction\":[{\"@type\":\"SearchAction\",\"target\":{\"@type\":\"EntryPoint\",\"urlTemplate\":\"https:\/\/menschmusik.de\/?s={search_term_string}\"},\"query-input\":{\"@type\":\"PropertyValueSpecification\",\"valueRequired\":true,\"valueName\":\"search_term_string\"}}],\"inLanguage\":\"es\"}]}<\/script>\n<!-- \/ Yoast SEO plugin. -->","yoast_head_json":{"title":"Pedagog\u00eda musical elemental - MenschMusik Hamburg - Freie Musikakademie, Studium, Konzert, Forschung","robots":{"index":"index","follow":"follow","max-snippet":"max-snippet:-1","max-image-preview":"max-image-preview:large","max-video-preview":"max-video-preview:-1"},"canonical":"https:\/\/menschmusik.de\/es\/pedagogia-musical-elemental\/","og_locale":"es_ES","og_type":"article","og_title":"Pedagog\u00eda musical elemental - MenschMusik Hamburg - Freie Musikakademie, Studium, Konzert, Forschung","og_description":"[vc_row][vc_column css=&#8221;.vc_custom_1653915704574{margin-bottom: 0px !important;}&#8221;][vc_empty_space height=&#8221;40px&#8221;][vc_row_inner][vc_column_inner width=&#8221;1\/12&#8243; el_class=&#8221;head-under&#8221;][vc_column_text][\/vc_column_text][\/vc_column_inner][vc_column_inner width=&#8221;10\/12&#8243;][vc_column_text el_class=&#8221;sub-navi-top&#8221;]Pedagog\u00eda instrumental Pedagog\u00eda musical elemental Pedagog\u00eda vocal Docente\u00a0de\u00a0m\u00fasica[\/vc_column_text][\/vc_column_inner][vc_column_inner width=&#8221;1\/12&#8243;][\/vc_column_inner][\/vc_row_inner][\/vc_column][\/vc_row][vc_row][vc_column][vc_row_inner][vc_column_inner width=&#8221;1\/12&#8243; el_class=&#8221;head-under&#8221;][vc_column_text el_class=&#8221;unterstrich&#8221;]\u00a0[\/vc_column_text][\/vc_column_inner][vc_column_inner width=&#8221;10\/12&#8243;][vc_column_text] Pedagog\u00eda musical elemental [\/vc_column_text][vc_empty_space height=&#8221;5px&#8221;][vc_column_text]La m\u00fasica elemental no es una m\u00fasica sola: est\u00e1 acompa\u00f1ada de movimiento, danza y lenguaje. Es una m\u00fasica que debe ser creada por cada persona. Carl Orff[\/vc_column_text][vc_empty_space height=&#8221;15px&#8221;][vc_column_text css=&#8221;&#8221;]\u00bfEres un [&hellip;]","og_url":"https:\/\/menschmusik.de\/es\/pedagogia-musical-elemental\/","og_site_name":"MenschMusik Hamburg - Freie Musikakademie, Studium, Konzert, Forschung","article_modified_time":"2026-01-18T14:13:24+00:00","twitter_card":"summary_large_image","twitter_misc":{"Tiempo de lectura":"3 minutos"},"schema":{"@context":"https:\/\/schema.org","@graph":[{"@type":"WebPage","@id":"https:\/\/menschmusik.de\/es\/pedagogia-musical-elemental\/","url":"https:\/\/menschmusik.de\/es\/pedagogia-musical-elemental\/","name":"Pedagog\u00eda musical elemental - MenschMusik Hamburg - Freie Musikakademie, Studium, Konzert, Forschung","isPartOf":{"@id":"https:\/\/menschmusik.de\/#website"},"datePublished":"2022-06-15T14:56:37+00:00","dateModified":"2026-01-18T14:13:24+00:00","breadcrumb":{"@id":"https:\/\/menschmusik.de\/es\/pedagogia-musical-elemental\/#breadcrumb"},"inLanguage":"es","potentialAction":[{"@type":"ReadAction","target":["https:\/\/menschmusik.de\/es\/pedagogia-musical-elemental\/"]}]},{"@type":"BreadcrumbList","@id":"https:\/\/menschmusik.de\/es\/pedagogia-musical-elemental\/#breadcrumb","itemListElement":[{"@type":"ListItem","position":1,"name":"Startseite","item":"https:\/\/menschmusik.de\/"},{"@type":"ListItem","position":2,"name":"Pedagog\u00eda musical elemental"}]},{"@type":"WebSite","@id":"https:\/\/menschmusik.de\/#website","url":"https:\/\/menschmusik.de\/","name":"MenschMusik Hamburg - Freie Musikakademie, Studium, Konzert, Forschung","description":"","potentialAction":[{"@type":"SearchAction","target":{"@type":"EntryPoint","urlTemplate":"https:\/\/menschmusik.de\/?s={search_term_string}"},"query-input":{"@type":"PropertyValueSpecification","valueRequired":true,"valueName":"search_term_string"}}],"inLanguage":"es"}]}},"_links":{"self":[{"href":"https:\/\/menschmusik.de\/es\/wp-json\/wp\/v2\/pages\/872","targetHints":{"allow":["GET"]}}],"collection":[{"href":"https:\/\/menschmusik.de\/es\/wp-json\/wp\/v2\/pages"}],"about":[{"href":"https:\/\/menschmusik.de\/es\/wp-json\/wp\/v2\/types\/page"}],"author":[{"embeddable":true,"href":"https:\/\/menschmusik.de\/es\/wp-json\/wp\/v2\/users\/2"}],"replies":[{"embeddable":true,"href":"https:\/\/menschmusik.de\/es\/wp-json\/wp\/v2\/comments?post=872"}],"version-history":[{"count":14,"href":"https:\/\/menschmusik.de\/es\/wp-json\/wp\/v2\/pages\/872\/revisions"}],"predecessor-version":[{"id":9116,"href":"https:\/\/menschmusik.de\/es\/wp-json\/wp\/v2\/pages\/872\/revisions\/9116"}],"wp:attachment":[{"href":"https:\/\/menschmusik.de\/es\/wp-json\/wp\/v2\/media?parent=872"}],"curies":[{"name":"wp","href":"https:\/\/api.w.org\/{rel}","templated":true}]}}