{"id":6542,"date":"2022-07-04T19:32:48","date_gmt":"2022-07-04T17:32:48","guid":{"rendered":"https:\/\/menschmusik.de\/?page_id=6542"},"modified":"2025-04-19T16:42:35","modified_gmt":"2025-04-19T14:42:35","slug":"matricula-y-ayuda-financiera","status":"publish","type":"page","link":"https:\/\/menschmusik.de\/es\/matricula-y-ayuda-financiera\/","title":{"rendered":"Matr\u00edcula y ayuda financiera"},"content":{"rendered":"<div class=\"wpb-content-wrapper\"><p>[vc_row][vc_column][vc_empty_space height=&#8221;20px&#8221;][\/vc_column][\/vc_row][vc_row][vc_column css=&#8221;.vc_custom_1653915704574{margin-bottom: 0px !important;}&#8221;][vc_row_inner][vc_column_inner width=&#8221;1\/12&#8243; el_class=&#8221;head-under&#8221;][vc_column_text][\/vc_column_text][\/vc_column_inner][vc_column_inner width=&#8221;10\/12&#8243;][vc_column_text]<\/p>\n<h2>Matr\u00edcula y ayuda financiera<\/h2>\n<p>[\/vc_column_text][vc_empty_space height=&#8221;20px&#8221;][vc_column_text css=&#8221;.vc_custom_1745073751839{padding-top: 30px !important;}&#8221;]450 EUR\/Mes<br \/>\n1.800 EUR\/Trimestre<br \/>\n5.400 EUR\/A\u00f1o de estudios<\/p>\n<p>Si adem\u00e1s se cursa una asignatura secundaria (previo acuerdo)<br \/>\n510 EUR\/Mes<br \/>\n2.040 EUR\/Trimestre<br \/>\n6.120 EUR\/A\u00f1o de estudios<\/p>\n<p>Cuenta bancaria para matr\u00edcula<br \/>\nMenschMusik e. V.<br \/>\nGLS Gemeinschaftsbank eG<br \/>\nBIC GENODEM1GLS<br \/>\nIBAN DE09 4306 0967 2008 6235 00* Los c\u00f3digos BIC (Bank Identifier Code, en espa\u00f1ol: C\u00f3digo de identificaci\u00f3n bancario. Tambi\u00e9n conocido como c\u00f3digo SWIFT) e IBAN (International Bank Account Number, en espa\u00f1ol: C\u00f3digo internacional de cuenta bancaria) son los c\u00f3digos internacionales para la identificaci\u00f3n de cuentas bancarias desde la entrada en vigencia de la SEPA (Single Euro Payments Area, en espa\u00f1ol: Zona \u00fanica de pagos europeos) en febrero de 2014.<\/p>\n<p>El fondo de estudiantes \u201cMittel &amp; Wege\u201d est\u00e1 en capacidad de proveer pr\u00e9stamos sin intereses o becas en determinados casos. El fondo es una iniciativa del \u201cGemeinn\u00fctzigen Treuhandstelle Hamburg\u201d y est\u00e1 coordinado por estudiantes.<\/p>\n<p>Studienfonds Mittel &amp; Wege<br \/>\nMittelweg 147, 20148 Hamburg<br \/>\nTel.: +49 40 41 47 62 13<br \/>\n<a href=\"mailto:mittel-und-wege@posteo.de\">mittel-und-wege@posteo.de<\/a><br \/>\n<a href=\"https:\/\/www.mittelundwege-studienfonds.de\/\" target=\"_blank\" rel=\"noopener\">www.mittelundwege-studienfonds.de<\/a>[\/vc_column_text][\/vc_column_inner][vc_column_inner width=&#8221;1\/12&#8243;][\/vc_column_inner][\/vc_row_inner][\/vc_column][\/vc_row][vc_row][vc_column css=&#8221;.vc_custom_1653915704574{margin-bottom: 0px !important;}&#8221;][vc_row_inner][vc_column_inner width=&#8221;1\/12&#8243; el_class=&#8221;head-under&#8221;][vc_column_text][\/vc_column_text][\/vc_column_inner][vc_column_inner width=&#8221;10\/12&#8243;][vc_empty_space height=&#8221;100px&#8221;][vc_column_text el_class=&#8221;sub-navi&#8221;]<a href=\"https:\/\/menschmusik.de\/es\/maestros\/\">Maestros<\/a> <a href=\"https:\/\/menschmusik.de\/es\/objetivos\/\">Objetivos<\/a> <a href=\"https:\/\/menschmusik.de\/es\/medios\/\">Medios<\/a><br \/>\n<a href=\"https:\/\/menschmusik.de\/es\/admisiones\">Admisiones<\/a>[\/vc_column_text][\/vc_column_inner][vc_column_inner width=&#8221;1\/12&#8243;][\/vc_column_inner][\/vc_row_inner][\/vc_column][\/vc_row][vc_row][vc_column][vc_empty_space height=&#8221;100px&#8221;][\/vc_column][\/vc_row]<\/p>\n<\/div>","protected":false},"excerpt":{"rendered":"<p>[vc_row][vc_column][vc_empty_space height=&#8221;20px&#8221;][\/vc_column][\/vc_row][vc_row][vc_column css=&#8221;.vc_custom_1653915704574{margin-bottom: 0px !important;}&#8221;][vc_row_inner][vc_column_inner width=&#8221;1\/12&#8243; el_class=&#8221;head-under&#8221;][vc_column_text][\/vc_column_text][\/vc_column_inner][vc_column_inner width=&#8221;10\/12&#8243;][vc_column_text] Matr\u00edcula y ayuda financiera [\/vc_column_text][vc_empty_space height=&#8221;20px&#8221;][vc_column_text css=&#8221;.vc_custom_1745073751839{padding-top: 30px !important;}&#8221;]450 EUR\/Mes 1.800 EUR\/Trimestre 5.400 EUR\/A\u00f1o de estudios Si adem\u00e1s se cursa una asignatura secundaria (previo acuerdo) 510 EUR\/Mes 2.040 EUR\/Trimestre 6.120 EUR\/A\u00f1o de estudios Cuenta bancaria para matr\u00edcula MenschMusik e. V. GLS Gemeinschaftsbank eG BIC GENODEM1GLS IBAN DE09 [&hellip;]<\/p>\n","protected":false},"author":2,"featured_media":0,"parent":0,"menu_order":0,"comment_status":"closed","ping_status":"closed","template":"redux-templates_full_width","meta":{"_acf_changed":false,"inline_featured_image":false,"footnotes":""},"class_list":["post-6542","page","type-page","status-publish","hentry"],"acf":[],"yoast_head":"<!-- This site is optimized with the Yoast SEO plugin v26.5 - https:\/\/yoast.com\/wordpress\/plugins\/seo\/ -->\n<title>Matr\u00edcula y ayuda financiera - MenschMusik Hamburg - Freie Musikakademie, Studium, Konzert, Forschung<\/title>\n<meta name=\"robots\" content=\"index, follow, max-snippet:-1, max-image-preview:large, max-video-preview:-1\" \/>\n<link rel=\"canonical\" href=\"https:\/\/menschmusik.de\/es\/matricula-y-ayuda-financiera\/\" \/>\n<meta property=\"og:locale\" content=\"es_ES\" \/>\n<meta property=\"og:type\" content=\"article\" \/>\n<meta property=\"og:title\" content=\"Matr\u00edcula y ayuda financiera - MenschMusik Hamburg - Freie Musikakademie, Studium, Konzert, Forschung\" \/>\n<meta property=\"og:description\" content=\"[vc_row][vc_column][vc_empty_space height=&#8221;20px&#8221;][\/vc_column][\/vc_row][vc_row][vc_column css=&#8221;.vc_custom_1653915704574{margin-bottom: 0px !important;}&#8221;][vc_row_inner][vc_column_inner width=&#8221;1\/12&#8243; el_class=&#8221;head-under&#8221;][vc_column_text][\/vc_column_text][\/vc_column_inner][vc_column_inner width=&#8221;10\/12&#8243;][vc_column_text] Matr\u00edcula y ayuda financiera [\/vc_column_text][vc_empty_space height=&#8221;20px&#8221;][vc_column_text css=&#8221;.vc_custom_1745073751839{padding-top: 30px !important;}&#8221;]450 EUR\/Mes 1.800 EUR\/Trimestre 5.400 EUR\/A\u00f1o de estudios Si adem\u00e1s se cursa una asignatura secundaria (previo acuerdo) 510 EUR\/Mes 2.040 EUR\/Trimestre 6.120 EUR\/A\u00f1o de estudios Cuenta bancaria para matr\u00edcula MenschMusik e. V. GLS Gemeinschaftsbank eG BIC GENODEM1GLS IBAN DE09 [&hellip;]\" \/>\n<meta property=\"og:url\" content=\"https:\/\/menschmusik.de\/es\/matricula-y-ayuda-financiera\/\" \/>\n<meta property=\"og:site_name\" content=\"MenschMusik Hamburg - Freie Musikakademie, Studium, Konzert, Forschung\" \/>\n<meta property=\"article:modified_time\" content=\"2025-04-19T14:42:35+00:00\" \/>\n<meta name=\"twitter:card\" content=\"summary_large_image\" \/>\n<meta name=\"twitter:label1\" content=\"Tiempo de lectura\" \/>\n\t<meta name=\"twitter:data1\" content=\"1 minuto\" \/>\n<script type=\"application\/ld+json\" class=\"yoast-schema-graph\">{\"@context\":\"https:\/\/schema.org\",\"@graph\":[{\"@type\":\"WebPage\",\"@id\":\"https:\/\/menschmusik.de\/es\/matricula-y-ayuda-financiera\/\",\"url\":\"https:\/\/menschmusik.de\/es\/matricula-y-ayuda-financiera\/\",\"name\":\"Matr\u00edcula y ayuda financiera - MenschMusik Hamburg - Freie Musikakademie, Studium, Konzert, Forschung\",\"isPartOf\":{\"@id\":\"https:\/\/menschmusik.de\/#website\"},\"datePublished\":\"2022-07-04T17:32:48+00:00\",\"dateModified\":\"2025-04-19T14:42:35+00:00\",\"breadcrumb\":{\"@id\":\"https:\/\/menschmusik.de\/es\/matricula-y-ayuda-financiera\/#breadcrumb\"},\"inLanguage\":\"es\",\"potentialAction\":[{\"@type\":\"ReadAction\",\"target\":[\"https:\/\/menschmusik.de\/es\/matricula-y-ayuda-financiera\/\"]}]},{\"@type\":\"BreadcrumbList\",\"@id\":\"https:\/\/menschmusik.de\/es\/matricula-y-ayuda-financiera\/#breadcrumb\",\"itemListElement\":[{\"@type\":\"ListItem\",\"position\":1,\"name\":\"Startseite\",\"item\":\"https:\/\/menschmusik.de\/\"},{\"@type\":\"ListItem\",\"position\":2,\"name\":\"Matr\u00edcula y ayuda financiera\"}]},{\"@type\":\"WebSite\",\"@id\":\"https:\/\/menschmusik.de\/#website\",\"url\":\"https:\/\/menschmusik.de\/\",\"name\":\"MenschMusik Hamburg - Freie Musikakademie, Studium, Konzert, Forschung\",\"description\":\"\",\"potentialAction\":[{\"@type\":\"SearchAction\",\"target\":{\"@type\":\"EntryPoint\",\"urlTemplate\":\"https:\/\/menschmusik.de\/?s={search_term_string}\"},\"query-input\":{\"@type\":\"PropertyValueSpecification\",\"valueRequired\":true,\"valueName\":\"search_term_string\"}}],\"inLanguage\":\"es\"}]}<\/script>\n<!-- \/ Yoast SEO plugin. -->","yoast_head_json":{"title":"Matr\u00edcula y ayuda financiera - MenschMusik Hamburg - Freie Musikakademie, Studium, Konzert, Forschung","robots":{"index":"index","follow":"follow","max-snippet":"max-snippet:-1","max-image-preview":"max-image-preview:large","max-video-preview":"max-video-preview:-1"},"canonical":"https:\/\/menschmusik.de\/es\/matricula-y-ayuda-financiera\/","og_locale":"es_ES","og_type":"article","og_title":"Matr\u00edcula y ayuda financiera - MenschMusik Hamburg - Freie Musikakademie, Studium, Konzert, Forschung","og_description":"[vc_row][vc_column][vc_empty_space height=&#8221;20px&#8221;][\/vc_column][\/vc_row][vc_row][vc_column css=&#8221;.vc_custom_1653915704574{margin-bottom: 0px !important;}&#8221;][vc_row_inner][vc_column_inner width=&#8221;1\/12&#8243; el_class=&#8221;head-under&#8221;][vc_column_text][\/vc_column_text][\/vc_column_inner][vc_column_inner width=&#8221;10\/12&#8243;][vc_column_text] Matr\u00edcula y ayuda financiera [\/vc_column_text][vc_empty_space height=&#8221;20px&#8221;][vc_column_text css=&#8221;.vc_custom_1745073751839{padding-top: 30px !important;}&#8221;]450 EUR\/Mes 1.800 EUR\/Trimestre 5.400 EUR\/A\u00f1o de estudios Si adem\u00e1s se cursa una asignatura secundaria (previo acuerdo) 510 EUR\/Mes 2.040 EUR\/Trimestre 6.120 EUR\/A\u00f1o de estudios Cuenta bancaria para matr\u00edcula MenschMusik e. V. GLS Gemeinschaftsbank eG BIC GENODEM1GLS IBAN DE09 [&hellip;]","og_url":"https:\/\/menschmusik.de\/es\/matricula-y-ayuda-financiera\/","og_site_name":"MenschMusik Hamburg - Freie Musikakademie, Studium, Konzert, Forschung","article_modified_time":"2025-04-19T14:42:35+00:00","twitter_card":"summary_large_image","twitter_misc":{"Tiempo de lectura":"1 minuto"},"schema":{"@context":"https:\/\/schema.org","@graph":[{"@type":"WebPage","@id":"https:\/\/menschmusik.de\/es\/matricula-y-ayuda-financiera\/","url":"https:\/\/menschmusik.de\/es\/matricula-y-ayuda-financiera\/","name":"Matr\u00edcula y ayuda financiera - MenschMusik Hamburg - Freie Musikakademie, Studium, Konzert, Forschung","isPartOf":{"@id":"https:\/\/menschmusik.de\/#website"},"datePublished":"2022-07-04T17:32:48+00:00","dateModified":"2025-04-19T14:42:35+00:00","breadcrumb":{"@id":"https:\/\/menschmusik.de\/es\/matricula-y-ayuda-financiera\/#breadcrumb"},"inLanguage":"es","potentialAction":[{"@type":"ReadAction","target":["https:\/\/menschmusik.de\/es\/matricula-y-ayuda-financiera\/"]}]},{"@type":"BreadcrumbList","@id":"https:\/\/menschmusik.de\/es\/matricula-y-ayuda-financiera\/#breadcrumb","itemListElement":[{"@type":"ListItem","position":1,"name":"Startseite","item":"https:\/\/menschmusik.de\/"},{"@type":"ListItem","position":2,"name":"Matr\u00edcula y ayuda financiera"}]},{"@type":"WebSite","@id":"https:\/\/menschmusik.de\/#website","url":"https:\/\/menschmusik.de\/","name":"MenschMusik Hamburg - Freie Musikakademie, Studium, Konzert, Forschung","description":"","potentialAction":[{"@type":"SearchAction","target":{"@type":"EntryPoint","urlTemplate":"https:\/\/menschmusik.de\/?s={search_term_string}"},"query-input":{"@type":"PropertyValueSpecification","valueRequired":true,"valueName":"search_term_string"}}],"inLanguage":"es"}]}},"_links":{"self":[{"href":"https:\/\/menschmusik.de\/es\/wp-json\/wp\/v2\/pages\/6542","targetHints":{"allow":["GET"]}}],"collection":[{"href":"https:\/\/menschmusik.de\/es\/wp-json\/wp\/v2\/pages"}],"about":[{"href":"https:\/\/menschmusik.de\/es\/wp-json\/wp\/v2\/types\/page"}],"author":[{"embeddable":true,"href":"https:\/\/menschmusik.de\/es\/wp-json\/wp\/v2\/users\/2"}],"replies":[{"embeddable":true,"href":"https:\/\/menschmusik.de\/es\/wp-json\/wp\/v2\/comments?post=6542"}],"version-history":[{"count":16,"href":"https:\/\/menschmusik.de\/es\/wp-json\/wp\/v2\/pages\/6542\/revisions"}],"predecessor-version":[{"id":8724,"href":"https:\/\/menschmusik.de\/es\/wp-json\/wp\/v2\/pages\/6542\/revisions\/8724"}],"wp:attachment":[{"href":"https:\/\/menschmusik.de\/es\/wp-json\/wp\/v2\/media?parent=6542"}],"curies":[{"name":"wp","href":"https:\/\/api.w.org\/{rel}","templated":true}]}}