{"id":426,"date":"2022-06-14T18:38:26","date_gmt":"2022-06-14T16:38:26","guid":{"rendered":"https:\/\/menschmusik.de\/?page_id=426"},"modified":"2023-02-02T13:35:39","modified_gmt":"2023-02-02T12:35:39","slug":"objetivos","status":"publish","type":"page","link":"https:\/\/menschmusik.de\/es\/objetivos\/","title":{"rendered":"Objetivos"},"content":{"rendered":"<div class=\"wpb-content-wrapper\"><p>[vc_row][vc_column][vc_empty_space height=&#8221;20px&#8221;][\/vc_column][\/vc_row][vc_row][vc_column css=&#8221;.vc_custom_1653915704574{margin-bottom: 0px !important;}&#8221;][vc_row_inner][vc_column_inner width=&#8221;1\/12&#8243; el_class=&#8221;head-under&#8221;][vc_column_text el_class=&#8221;unterstrich&#8221;][\/vc_column_text][\/vc_column_inner][vc_column_inner width=&#8221;10\/12&#8243;][vc_column_text]<\/p>\n<h2>Cinco principios rectores de la formaci\u00f3n<\/h2>\n<p>[\/vc_column_text][vc_empty_space height=&#8221;20px&#8221;][vc_column_text css=&#8221;.vc_custom_1675341331926{padding-top: 30px !important;}&#8221;]<strong>Conmover con la m\u00fasica: Arte<\/strong><br \/>\nQueremos formar artistas que quieran comunicarse a trav\u00e9s de la m\u00fasica en un sentido que vaya m\u00e1s all\u00e1 de su propia expresi\u00f3n personal y que, al mismo tiempo, conecten profunda y personalmente como seres humanos con aquello que expresan en el escenario. Para crear m\u00fasica viva, que emocione al p\u00fablico es indispensable dejarse emocionar e impresionar por la m\u00fasica. En este sentido, la formaci\u00f3n de una escucha inspirada, de una sensibilidad consciente y de una potencia creadora son componentes esenciales de la formaci\u00f3n art\u00edstica.<\/p>\n<p><strong>Desplegar potenciales con la m\u00fasica: Pedagog\u00eda<\/strong><br \/>\n\u00bfConoces la experiencia de haberte sentido profundamente percibido por una persona, en tus inquietudes m\u00e1s \u00edntimas y ocultas, pero tambi\u00e9n en lo que te impide realizarlas? Esta experiencia puede liberar un gran potencial de desarrollo. Queremos formar profesores de m\u00fasica que, adem\u00e1s de las herramientas instrumentales y pedag\u00f3gicas necesarias, se interesen por las personas en su proceso de desarrollo individual.<\/p>\n<p><strong>Abrir espacios con la m\u00fasica: La m\u00fasica en la esfera social<\/strong><br \/>\nLa m\u00fasica puede reconfortar, curar y despertar la alegr\u00eda de vivir. Hacer y vivir la m\u00fasica juntos propicia espacios profundos de encuentro y tiene un efecto edificante, armonizador y unificador, independientemente de la edad, el origen y los conocimientos musicales previos. Actualmente existe una gran demanda en la sociedad de m\u00fasicos que puedan acompa\u00f1ar procesos sociales y terap\u00e9uticos a trav\u00e9s de la m\u00fasica de forma creativa y vers\u00e1til. Esto s\u00f3lo es posible con una disposici\u00f3n a improvisar, a actuar espont\u00e1neamente, inspir\u00e1ndose en el momento. Apoyamos a los estudiantes en la b\u00fasqueda de nuevas formas profesionales para satisfacer esta demanda.<\/p>\n<p><strong>&#8220;S\u00f3lo se aprende por uno mismo&#8221; &#8211; Investigaci\u00f3n<\/strong><br \/>\nNos tomamos en serio el aprendizaje como una cuesti\u00f3n de iniciativa individual. Los alumnos aprenden gradualmente a responsabilizarse de este autoaprendizaje. El objetivo es descubrir el origen interno del que surge esta iniciativa individual.<br \/>\nTrabajamos con m\u00e9todos fenomenol\u00f3gicos goetheanos para captar y aprender a manejar los elementos musicales en sus cualidades. Al mismo tiempo, intentamos desarrollar formas vivas de pensamiento en las que el coraz\u00f3n tambi\u00e9n se entrena como \u00f3rgano de audici\u00f3n. Surge una imagen musical del ser humano y una imagen humana de la m\u00fasica que se convierten en fuente de inspiraci\u00f3n para nuestra propia actividad art\u00edstico-pedag\u00f3gica.<\/p>\n<p><strong>&#8220;Estudiar en proyectos&#8221; \u2013 Emprendimiento<\/strong><br \/>\nAprovechamos el poder de iniciativa de los\/las estudiantes: Bajo el lema &#8220;Estudiar en proyectos&#8221;, aprenden a responsabilizarse de sus proyectos art\u00edsticos y pedag\u00f3gicos durante su tiempo de formaci\u00f3n mediante la formulaci\u00f3n y ejecuci\u00f3n de proyectos\/prototipos. Surgen el valor y la confianza en uno mismo para seguir trayectorias profesionales individuales. De este modo, el programa de estudios prepara al\/a egresado\/a para el trabajo musical independiente.[\/vc_column_text][\/vc_column_inner][vc_column_inner width=&#8221;1\/12&#8243;][\/vc_column_inner][\/vc_row_inner][\/vc_column][\/vc_row][vc_row][vc_column css=&#8221;.vc_custom_1653915704574{margin-bottom: 0px !important;}&#8221;][vc_row_inner][vc_column_inner width=&#8221;1\/12&#8243; el_class=&#8221;head-under&#8221;][vc_column_text][\/vc_column_text][\/vc_column_inner][vc_column_inner width=&#8221;10\/12&#8243;][vc_empty_space height=&#8221;100px&#8221;][vc_column_text el_class=&#8221;sub-navi&#8221;]<a href=\"https:\/\/menschmusik.de\/es\/maestros\/\">Maestros<\/a> <a href=\"https:\/\/menschmusik.de\/es\/medios\">Medios<\/a>[\/vc_column_text][\/vc_column_inner][vc_column_inner width=&#8221;1\/12&#8243;][\/vc_column_inner][\/vc_row_inner][\/vc_column][\/vc_row][vc_row][vc_column][vc_empty_space height=&#8221;100px&#8221;][\/vc_column][\/vc_row]<\/p>\n<\/div>","protected":false},"excerpt":{"rendered":"<p>[vc_row][vc_column][vc_empty_space height=&#8221;20px&#8221;][\/vc_column][\/vc_row][vc_row][vc_column css=&#8221;.vc_custom_1653915704574{margin-bottom: 0px !important;}&#8221;][vc_row_inner][vc_column_inner width=&#8221;1\/12&#8243; el_class=&#8221;head-under&#8221;][vc_column_text el_class=&#8221;unterstrich&#8221;][\/vc_column_text][\/vc_column_inner][vc_column_inner width=&#8221;10\/12&#8243;][vc_column_text] Cinco principios rectores de la formaci\u00f3n [\/vc_column_text][vc_empty_space height=&#8221;20px&#8221;][vc_column_text css=&#8221;.vc_custom_1675341331926{padding-top: 30px !important;}&#8221;]Conmover con la m\u00fasica: Arte Queremos formar artistas que quieran comunicarse a trav\u00e9s de la m\u00fasica en un sentido que vaya m\u00e1s all\u00e1 de su propia expresi\u00f3n personal y que, al mismo tiempo, conecten profunda y [&hellip;]<\/p>\n","protected":false},"author":2,"featured_media":0,"parent":0,"menu_order":0,"comment_status":"closed","ping_status":"closed","template":"redux-templates_full_width","meta":{"_acf_changed":false,"inline_featured_image":false,"footnotes":""},"class_list":["post-426","page","type-page","status-publish","hentry"],"acf":[],"yoast_head":"<!-- This site is optimized with the Yoast SEO plugin v26.5 - https:\/\/yoast.com\/wordpress\/plugins\/seo\/ -->\n<title>Objetivos - MenschMusik Hamburg - Freie Musikakademie, Studium, Konzert, Forschung<\/title>\n<meta name=\"robots\" content=\"index, follow, max-snippet:-1, max-image-preview:large, max-video-preview:-1\" \/>\n<link rel=\"canonical\" href=\"https:\/\/menschmusik.de\/es\/objetivos\/\" \/>\n<meta property=\"og:locale\" content=\"es_ES\" \/>\n<meta property=\"og:type\" content=\"article\" \/>\n<meta property=\"og:title\" content=\"Objetivos - MenschMusik Hamburg - Freie Musikakademie, Studium, Konzert, Forschung\" \/>\n<meta property=\"og:description\" content=\"[vc_row][vc_column][vc_empty_space height=&#8221;20px&#8221;][\/vc_column][\/vc_row][vc_row][vc_column css=&#8221;.vc_custom_1653915704574{margin-bottom: 0px !important;}&#8221;][vc_row_inner][vc_column_inner width=&#8221;1\/12&#8243; el_class=&#8221;head-under&#8221;][vc_column_text el_class=&#8221;unterstrich&#8221;][\/vc_column_text][\/vc_column_inner][vc_column_inner width=&#8221;10\/12&#8243;][vc_column_text] Cinco principios rectores de la formaci\u00f3n [\/vc_column_text][vc_empty_space height=&#8221;20px&#8221;][vc_column_text css=&#8221;.vc_custom_1675341331926{padding-top: 30px !important;}&#8221;]Conmover con la m\u00fasica: Arte Queremos formar artistas que quieran comunicarse a trav\u00e9s de la m\u00fasica en un sentido que vaya m\u00e1s all\u00e1 de su propia expresi\u00f3n personal y que, al mismo tiempo, conecten profunda y [&hellip;]\" \/>\n<meta property=\"og:url\" content=\"https:\/\/menschmusik.de\/es\/objetivos\/\" \/>\n<meta property=\"og:site_name\" content=\"MenschMusik Hamburg - Freie Musikakademie, Studium, Konzert, Forschung\" \/>\n<meta property=\"article:modified_time\" content=\"2023-02-02T12:35:39+00:00\" \/>\n<meta name=\"twitter:card\" content=\"summary_large_image\" \/>\n<meta name=\"twitter:label1\" content=\"Tiempo de lectura\" \/>\n\t<meta name=\"twitter:data1\" content=\"3 minutos\" \/>\n<script type=\"application\/ld+json\" class=\"yoast-schema-graph\">{\"@context\":\"https:\/\/schema.org\",\"@graph\":[{\"@type\":\"WebPage\",\"@id\":\"https:\/\/menschmusik.de\/es\/objetivos\/\",\"url\":\"https:\/\/menschmusik.de\/es\/objetivos\/\",\"name\":\"Objetivos - MenschMusik Hamburg - Freie Musikakademie, Studium, Konzert, Forschung\",\"isPartOf\":{\"@id\":\"https:\/\/menschmusik.de\/#website\"},\"datePublished\":\"2022-06-14T16:38:26+00:00\",\"dateModified\":\"2023-02-02T12:35:39+00:00\",\"breadcrumb\":{\"@id\":\"https:\/\/menschmusik.de\/es\/objetivos\/#breadcrumb\"},\"inLanguage\":\"es\",\"potentialAction\":[{\"@type\":\"ReadAction\",\"target\":[\"https:\/\/menschmusik.de\/es\/objetivos\/\"]}]},{\"@type\":\"BreadcrumbList\",\"@id\":\"https:\/\/menschmusik.de\/es\/objetivos\/#breadcrumb\",\"itemListElement\":[{\"@type\":\"ListItem\",\"position\":1,\"name\":\"Startseite\",\"item\":\"https:\/\/menschmusik.de\/\"},{\"@type\":\"ListItem\",\"position\":2,\"name\":\"Objetivos\"}]},{\"@type\":\"WebSite\",\"@id\":\"https:\/\/menschmusik.de\/#website\",\"url\":\"https:\/\/menschmusik.de\/\",\"name\":\"MenschMusik Hamburg - Freie Musikakademie, Studium, Konzert, Forschung\",\"description\":\"\",\"potentialAction\":[{\"@type\":\"SearchAction\",\"target\":{\"@type\":\"EntryPoint\",\"urlTemplate\":\"https:\/\/menschmusik.de\/?s={search_term_string}\"},\"query-input\":{\"@type\":\"PropertyValueSpecification\",\"valueRequired\":true,\"valueName\":\"search_term_string\"}}],\"inLanguage\":\"es\"}]}<\/script>\n<!-- \/ Yoast SEO plugin. -->","yoast_head_json":{"title":"Objetivos - MenschMusik Hamburg - Freie Musikakademie, Studium, Konzert, Forschung","robots":{"index":"index","follow":"follow","max-snippet":"max-snippet:-1","max-image-preview":"max-image-preview:large","max-video-preview":"max-video-preview:-1"},"canonical":"https:\/\/menschmusik.de\/es\/objetivos\/","og_locale":"es_ES","og_type":"article","og_title":"Objetivos - MenschMusik Hamburg - Freie Musikakademie, Studium, Konzert, Forschung","og_description":"[vc_row][vc_column][vc_empty_space height=&#8221;20px&#8221;][\/vc_column][\/vc_row][vc_row][vc_column css=&#8221;.vc_custom_1653915704574{margin-bottom: 0px !important;}&#8221;][vc_row_inner][vc_column_inner width=&#8221;1\/12&#8243; el_class=&#8221;head-under&#8221;][vc_column_text el_class=&#8221;unterstrich&#8221;][\/vc_column_text][\/vc_column_inner][vc_column_inner width=&#8221;10\/12&#8243;][vc_column_text] Cinco principios rectores de la formaci\u00f3n [\/vc_column_text][vc_empty_space height=&#8221;20px&#8221;][vc_column_text css=&#8221;.vc_custom_1675341331926{padding-top: 30px !important;}&#8221;]Conmover con la m\u00fasica: Arte Queremos formar artistas que quieran comunicarse a trav\u00e9s de la m\u00fasica en un sentido que vaya m\u00e1s all\u00e1 de su propia expresi\u00f3n personal y que, al mismo tiempo, conecten profunda y [&hellip;]","og_url":"https:\/\/menschmusik.de\/es\/objetivos\/","og_site_name":"MenschMusik Hamburg - Freie Musikakademie, Studium, Konzert, Forschung","article_modified_time":"2023-02-02T12:35:39+00:00","twitter_card":"summary_large_image","twitter_misc":{"Tiempo de lectura":"3 minutos"},"schema":{"@context":"https:\/\/schema.org","@graph":[{"@type":"WebPage","@id":"https:\/\/menschmusik.de\/es\/objetivos\/","url":"https:\/\/menschmusik.de\/es\/objetivos\/","name":"Objetivos - MenschMusik Hamburg - Freie Musikakademie, Studium, Konzert, Forschung","isPartOf":{"@id":"https:\/\/menschmusik.de\/#website"},"datePublished":"2022-06-14T16:38:26+00:00","dateModified":"2023-02-02T12:35:39+00:00","breadcrumb":{"@id":"https:\/\/menschmusik.de\/es\/objetivos\/#breadcrumb"},"inLanguage":"es","potentialAction":[{"@type":"ReadAction","target":["https:\/\/menschmusik.de\/es\/objetivos\/"]}]},{"@type":"BreadcrumbList","@id":"https:\/\/menschmusik.de\/es\/objetivos\/#breadcrumb","itemListElement":[{"@type":"ListItem","position":1,"name":"Startseite","item":"https:\/\/menschmusik.de\/"},{"@type":"ListItem","position":2,"name":"Objetivos"}]},{"@type":"WebSite","@id":"https:\/\/menschmusik.de\/#website","url":"https:\/\/menschmusik.de\/","name":"MenschMusik Hamburg - Freie Musikakademie, Studium, Konzert, Forschung","description":"","potentialAction":[{"@type":"SearchAction","target":{"@type":"EntryPoint","urlTemplate":"https:\/\/menschmusik.de\/?s={search_term_string}"},"query-input":{"@type":"PropertyValueSpecification","valueRequired":true,"valueName":"search_term_string"}}],"inLanguage":"es"}]}},"_links":{"self":[{"href":"https:\/\/menschmusik.de\/es\/wp-json\/wp\/v2\/pages\/426","targetHints":{"allow":["GET"]}}],"collection":[{"href":"https:\/\/menschmusik.de\/es\/wp-json\/wp\/v2\/pages"}],"about":[{"href":"https:\/\/menschmusik.de\/es\/wp-json\/wp\/v2\/types\/page"}],"author":[{"embeddable":true,"href":"https:\/\/menschmusik.de\/es\/wp-json\/wp\/v2\/users\/2"}],"replies":[{"embeddable":true,"href":"https:\/\/menschmusik.de\/es\/wp-json\/wp\/v2\/comments?post=426"}],"version-history":[{"count":7,"href":"https:\/\/menschmusik.de\/es\/wp-json\/wp\/v2\/pages\/426\/revisions"}],"predecessor-version":[{"id":7481,"href":"https:\/\/menschmusik.de\/es\/wp-json\/wp\/v2\/pages\/426\/revisions\/7481"}],"wp:attachment":[{"href":"https:\/\/menschmusik.de\/es\/wp-json\/wp\/v2\/media?parent=426"}],"curies":[{"name":"wp","href":"https:\/\/api.w.org\/{rel}","templated":true}]}}