{"id":209,"date":"2022-06-02T17:43:22","date_gmt":"2022-06-02T15:43:22","guid":{"rendered":"https:\/\/menschmusik.de\/?page_id=209"},"modified":"2026-01-18T15:09:06","modified_gmt":"2026-01-18T14:09:06","slug":"estudios-basicos","status":"publish","type":"page","link":"https:\/\/menschmusik.de\/es\/estudios-basicos\/","title":{"rendered":"Estudios B\u00e1sicos"},"content":{"rendered":"<div class=\"wpb-content-wrapper\"><p>[vc_row][vc_column][vc_row_inner][vc_column_inner width=&#8221;1\/12&#8243; el_class=&#8221;head-under&#8221;][vc_column_text el_class=&#8221;unterstrich&#8221;]\u00a0[\/vc_column_text][\/vc_column_inner][vc_column_inner width=&#8221;10\/12&#8243;][vc_column_text el_class=&#8221;hide-smart&#8221;]<\/p>\n<h2>Tu a\u00f1o musical<\/h2>\n<p>[\/vc_column_text][vc_column_text el_class=&#8221;hide-desktop&#8221;]<\/p>\n<h2>Tu a\u00f1o<br \/>\nmusical<\/h2>\n<p>[\/vc_column_text][vc_empty_space height=&#8221;5px&#8221;][vc_column_text css=&#8221;&#8221;]El A\u00f1o de Estudios B\u00e1sicos (Grundstudienjahr) est\u00e1 orientado a tus capacidades y objetivos individuales.<br \/>\n\u00bfQu\u00e9 traes contigo? \u00bfEn qu\u00e9 punto te encuentras? \u00bfHacia d\u00f3nde quieres ir?<br \/>\nTU a\u00f1o de m\u00fasica se crea en di\u00e1logo con nuestra oferta acad\u00e9mica y tus propios impulsos.<\/p>\n<p>El A\u00f1o de Estudios B\u00e1sicos puede ayudarte como<\/p>\n<ul>\n<li>un a\u00f1o intensivo de pr\u00e1ctica art\u00edstica para aspirantes a m\u00fasicos<\/li>\n<li>un a\u00f1o de preparaci\u00f3n para el examen de acceso a una carrera musical<\/li>\n<li>un a\u00f1o de orientaci\u00f3n entre el colegio y la universidad &#8211; \u00bfEs la m\u00fasica mi profesi\u00f3n?<\/li>\n<\/ul>\n<p><strong>Clases individuales semanales<\/strong> de tu asignatura instrumental principal o de canto &#8211; por ejemplo, piano, viol\u00edn, violonchelo, flauta, clarinete, tromb\u00f3n&#8230;<\/p>\n<p><strong>Proyectos musicales conjuntos<\/strong> como conciertos corales, proyectos de teatro musical, m\u00fasicas del mundo (Weltmusik)<\/p>\n<p><strong>Asignaturas y cursos:<\/strong> Se ofrece una amplia gama de asignaturas y cursos, por ejemplo: entrenamiento auditivo, teor\u00eda musical, songwriting, direcci\u00f3n, fenomenolog\u00eda de los intervalos, antroposof\u00eda, body percussion y mucho m\u00e1s.<\/p>\n<p><strong>Asignaturas <\/strong> &#8211; <a href=\"https:\/\/menschmusik.de\/wp-content\/uploads\/Kursinhalte_2023.pdf\" target=\"_blank\" rel=\"noopener\">PDF-Download<\/a><\/p>\n<p><strong>Maestros <\/strong>&#8211; <a href=\"https:\/\/menschmusik.de\/lehrende\/\">\u00dcbersicht unserer Lehrenden<\/a><\/p>\n<p><strong>Horario semanal <\/strong> &#8211; <a href=\"https:\/\/menschmusik.de\/wp-content\/uploads\/Musterstundenplan-GSJ.pdf\" target=\"_blank\" rel=\"noopener\">PDF-Download<\/a><\/p>\n<p><strong>Principios rectores<\/strong><\/p>\n<ul>\n<li>Prioridades individuales en el dise\u00f1o de los estudios<\/li>\n<li>Aprendizaje en proyectos &#8211; \u00abInvolve me and I learn\u00bb<\/li>\n<li>Acompa\u00f1amiento por parte de un tutor<\/li>\n<\/ul>\n<p><strong>Presentaciones<\/strong><\/p>\n<ul>\n<li>Conciertos p\u00fablicos al final de cada trimestre<\/li>\n<li>Formarse como artista esc\u00e9nico<\/li>\n<li>Aprender a actuar en el escenario<\/li>\n<\/ul>\n<p><strong>Titulaci\u00f3n<\/strong>:\u00a0Certificado<\/p>\n<p><strong>Duraci\u00f3n<\/strong>: El a\u00f1o de estudios se divide en tres trimestres:<br \/>\nPrimer trimestre: 22.09. \u2013 12.12.2025<br \/>\nSegundo trimestre: 12.01. \u2013 27.03.2026<br \/>\nTercer trimestre: 27.04. \u2013 11.07.2026<\/p>\n<p>Programa de estudios a tiempo completo<\/p>\n<p><strong>Costos de matr\u00edcula:<\/strong>\u00a0450 EUR\/Mes \u2013 <a href=\"https:\/\/menschmusik.de\/kosten-foerderung-studium\/\">m\u00e1s informaci\u00f3n<\/a><\/p>\n<p><strong>Ex\u00e1menes de admisi\u00f3n<\/strong>: 19 de mayo, 2 y 16 de junio 2026.<br \/>\nCitas adicionales pueden coordinarse individualmente<\/p>\n<p><strong>Inicio de estudios<\/strong>: 21.09.2026<\/p>\n<p>En todo momento se puede coordinar una visita a las instalaciones y actividades acad\u00e9micas del instituto (Hospitation).[\/vc_column_text][vc_empty_space height=&#8221;10px&#8221;][\/vc_column_inner][vc_column_inner width=&#8221;1\/12&#8243;][\/vc_column_inner][\/vc_row_inner][vc_row_inner][vc_column_inner width=&#8221;1\/12&#8243;][\/vc_column_inner][vc_column_inner width=&#8221;2\/12&#8243;][vc_btn title=&#8221;Ll\u00e1manos&#8221; color=&#8221;purple&#8221; size=&#8221;lg&#8221; link=&#8221;url:https%3A%2F%2Fmenschmusik.de%2Fes%2Fcontacto%2F|title:Kontakt&#8221; el_class=&#8221;calltoaction&#8221;][\/vc_column_inner][vc_column_inner width=&#8221;2\/12&#8243;][vc_btn title=&#8221;Escr\u00edbenos&#8221; color=&#8221;purple&#8221; size=&#8221;lg&#8221; link=&#8221;url:mailto%3Ainfo%40menschmusik.de|title:Kontakt|target:_blank&#8221; el_class=&#8221;calltoaction&#8221;][\/vc_column_inner][vc_column_inner width=&#8221;2\/12&#8243;][vc_btn title=&#8221;\u00a1Inscr\u00edbete ya!&#8221; color=&#8221;purple&#8221; size=&#8221;lg&#8221; link=&#8221;url:https%3A%2F%2Fmenschmusik.de%2Fes%2Fadmisiones%2F|title:Bewirb%20Dich&#8221; el_class=&#8221;calltoaction&#8221;][\/vc_column_inner][vc_column_inner width=&#8221;5\/12&#8243;][\/vc_column_inner][\/vc_row_inner][vc_row_inner][vc_column_inner width=&#8221;1\/12&#8243;][\/vc_column_inner][vc_column_inner width=&#8221;10\/12&#8243;][vc_empty_space height=&#8221;50px&#8221;][vc_gallery interval=&#8221;3&#8243; images=&#8221;8574,8568,8571,8577,8580,8583,8586,8612,8615,8618&#8243; img_size=&#8221;970&#215;450&#8243;][\/vc_column_inner][vc_column_inner width=&#8221;1\/12&#8243;][\/vc_column_inner][\/vc_row_inner][vc_row_inner][vc_column_inner width=&#8221;1\/12&#8243; el_class=&#8221;head-under&#8221;][vc_column_text][\/vc_column_text][\/vc_column_inner][vc_column_inner width=&#8221;10\/12&#8243;][vc_empty_space height=&#8221;80px&#8221;][vc_column_text el_class=&#8221;sub-navi&#8221;]<a href=\"https:\/\/menschmusik.de\/es\/maestros\/\">Maestros<\/a> <a href=\"https:\/\/menschmusik.de\/es\/objetivos\/\">Objetivos<\/a><br \/>\n<a href=\"https:\/\/menschmusik.de\/es\/medios\/\">Medios<\/a> <a href=\"https:\/\/menschmusik.de\/es\/admisiones\/\">Admisiones<\/a><br \/>\n<a href=\"https:\/\/menschmusik.de\/es\/matricula-y-ayuda-financiera\/\">Matr\u00edcula y ayuda financiera<\/a>[\/vc_column_text][\/vc_column_inner][vc_column_inner width=&#8221;1\/12&#8243;][\/vc_column_inner][\/vc_row_inner][\/vc_column][\/vc_row][vc_row][vc_column][vc_empty_space height=&#8221;100px&#8221;][\/vc_column][\/vc_row]<\/p>\n<\/div>","protected":false},"excerpt":{"rendered":"<p>[vc_row][vc_column][vc_row_inner][vc_column_inner width=&#8221;1\/12&#8243; el_class=&#8221;head-under&#8221;][vc_column_text el_class=&#8221;unterstrich&#8221;]\u00a0[\/vc_column_text][\/vc_column_inner][vc_column_inner width=&#8221;10\/12&#8243;][vc_column_text el_class=&#8221;hide-smart&#8221;] Tu a\u00f1o musical [\/vc_column_text][vc_column_text el_class=&#8221;hide-desktop&#8221;] Tu a\u00f1o musical [\/vc_column_text][vc_empty_space height=&#8221;5px&#8221;][vc_column_text css=&#8221;&#8221;]El A\u00f1o de Estudios B\u00e1sicos (Grundstudienjahr) est\u00e1 orientado a tus capacidades y objetivos individuales. \u00bfQu\u00e9 traes contigo? \u00bfEn qu\u00e9 punto te encuentras? \u00bfHacia d\u00f3nde quieres ir? TU a\u00f1o de m\u00fasica se crea en di\u00e1logo con nuestra oferta acad\u00e9mica y [&hellip;]<\/p>\n","protected":false},"author":2,"featured_media":0,"parent":0,"menu_order":0,"comment_status":"closed","ping_status":"closed","template":"","meta":{"_acf_changed":false,"inline_featured_image":false,"footnotes":""},"class_list":["post-209","page","type-page","status-publish","hentry"],"acf":[],"yoast_head":"<!-- This site is optimized with the Yoast SEO plugin v26.5 - https:\/\/yoast.com\/wordpress\/plugins\/seo\/ -->\n<title>Estudios B\u00e1sicos - MenschMusik Hamburg - Freie Musikakademie, Studium, Konzert, Forschung<\/title>\n<meta name=\"robots\" content=\"index, follow, max-snippet:-1, max-image-preview:large, max-video-preview:-1\" \/>\n<link rel=\"canonical\" href=\"https:\/\/menschmusik.de\/es\/estudios-basicos\/\" \/>\n<meta property=\"og:locale\" content=\"es_ES\" \/>\n<meta property=\"og:type\" content=\"article\" \/>\n<meta property=\"og:title\" content=\"Estudios B\u00e1sicos - MenschMusik Hamburg - Freie Musikakademie, Studium, Konzert, Forschung\" \/>\n<meta property=\"og:description\" content=\"[vc_row][vc_column][vc_row_inner][vc_column_inner width=&#8221;1\/12&#8243; el_class=&#8221;head-under&#8221;][vc_column_text el_class=&#8221;unterstrich&#8221;]\u00a0[\/vc_column_text][\/vc_column_inner][vc_column_inner width=&#8221;10\/12&#8243;][vc_column_text el_class=&#8221;hide-smart&#8221;] Tu a\u00f1o musical [\/vc_column_text][vc_column_text el_class=&#8221;hide-desktop&#8221;] Tu a\u00f1o musical [\/vc_column_text][vc_empty_space height=&#8221;5px&#8221;][vc_column_text css=&#8221;&#8221;]El A\u00f1o de Estudios B\u00e1sicos (Grundstudienjahr) est\u00e1 orientado a tus capacidades y objetivos individuales. \u00bfQu\u00e9 traes contigo? \u00bfEn qu\u00e9 punto te encuentras? \u00bfHacia d\u00f3nde quieres ir? TU a\u00f1o de m\u00fasica se crea en di\u00e1logo con nuestra oferta acad\u00e9mica y [&hellip;]\" \/>\n<meta property=\"og:url\" content=\"https:\/\/menschmusik.de\/es\/estudios-basicos\/\" \/>\n<meta property=\"og:site_name\" content=\"MenschMusik Hamburg - Freie Musikakademie, Studium, Konzert, Forschung\" \/>\n<meta property=\"article:modified_time\" content=\"2026-01-18T14:09:06+00:00\" \/>\n<meta name=\"twitter:card\" content=\"summary_large_image\" \/>\n<meta name=\"twitter:label1\" content=\"Tiempo de lectura\" \/>\n\t<meta name=\"twitter:data1\" content=\"2 minutos\" \/>\n<script type=\"application\/ld+json\" class=\"yoast-schema-graph\">{\"@context\":\"https:\/\/schema.org\",\"@graph\":[{\"@type\":\"WebPage\",\"@id\":\"https:\/\/menschmusik.de\/es\/estudios-basicos\/\",\"url\":\"https:\/\/menschmusik.de\/es\/estudios-basicos\/\",\"name\":\"Estudios B\u00e1sicos - MenschMusik Hamburg - Freie Musikakademie, Studium, Konzert, Forschung\",\"isPartOf\":{\"@id\":\"https:\/\/menschmusik.de\/#website\"},\"datePublished\":\"2022-06-02T15:43:22+00:00\",\"dateModified\":\"2026-01-18T14:09:06+00:00\",\"breadcrumb\":{\"@id\":\"https:\/\/menschmusik.de\/es\/estudios-basicos\/#breadcrumb\"},\"inLanguage\":\"es\",\"potentialAction\":[{\"@type\":\"ReadAction\",\"target\":[\"https:\/\/menschmusik.de\/es\/estudios-basicos\/\"]}]},{\"@type\":\"BreadcrumbList\",\"@id\":\"https:\/\/menschmusik.de\/es\/estudios-basicos\/#breadcrumb\",\"itemListElement\":[{\"@type\":\"ListItem\",\"position\":1,\"name\":\"Startseite\",\"item\":\"https:\/\/menschmusik.de\/\"},{\"@type\":\"ListItem\",\"position\":2,\"name\":\"Estudios B\u00e1sicos\"}]},{\"@type\":\"WebSite\",\"@id\":\"https:\/\/menschmusik.de\/#website\",\"url\":\"https:\/\/menschmusik.de\/\",\"name\":\"MenschMusik Hamburg - Freie Musikakademie, Studium, Konzert, Forschung\",\"description\":\"\",\"potentialAction\":[{\"@type\":\"SearchAction\",\"target\":{\"@type\":\"EntryPoint\",\"urlTemplate\":\"https:\/\/menschmusik.de\/?s={search_term_string}\"},\"query-input\":{\"@type\":\"PropertyValueSpecification\",\"valueRequired\":true,\"valueName\":\"search_term_string\"}}],\"inLanguage\":\"es\"}]}<\/script>\n<!-- \/ Yoast SEO plugin. -->","yoast_head_json":{"title":"Estudios B\u00e1sicos - MenschMusik Hamburg - Freie Musikakademie, Studium, Konzert, Forschung","robots":{"index":"index","follow":"follow","max-snippet":"max-snippet:-1","max-image-preview":"max-image-preview:large","max-video-preview":"max-video-preview:-1"},"canonical":"https:\/\/menschmusik.de\/es\/estudios-basicos\/","og_locale":"es_ES","og_type":"article","og_title":"Estudios B\u00e1sicos - MenschMusik Hamburg - Freie Musikakademie, Studium, Konzert, Forschung","og_description":"[vc_row][vc_column][vc_row_inner][vc_column_inner width=&#8221;1\/12&#8243; el_class=&#8221;head-under&#8221;][vc_column_text el_class=&#8221;unterstrich&#8221;]\u00a0[\/vc_column_text][\/vc_column_inner][vc_column_inner width=&#8221;10\/12&#8243;][vc_column_text el_class=&#8221;hide-smart&#8221;] Tu a\u00f1o musical [\/vc_column_text][vc_column_text el_class=&#8221;hide-desktop&#8221;] Tu a\u00f1o musical [\/vc_column_text][vc_empty_space height=&#8221;5px&#8221;][vc_column_text css=&#8221;&#8221;]El A\u00f1o de Estudios B\u00e1sicos (Grundstudienjahr) est\u00e1 orientado a tus capacidades y objetivos individuales. \u00bfQu\u00e9 traes contigo? \u00bfEn qu\u00e9 punto te encuentras? \u00bfHacia d\u00f3nde quieres ir? TU a\u00f1o de m\u00fasica se crea en di\u00e1logo con nuestra oferta acad\u00e9mica y [&hellip;]","og_url":"https:\/\/menschmusik.de\/es\/estudios-basicos\/","og_site_name":"MenschMusik Hamburg - Freie Musikakademie, Studium, Konzert, Forschung","article_modified_time":"2026-01-18T14:09:06+00:00","twitter_card":"summary_large_image","twitter_misc":{"Tiempo de lectura":"2 minutos"},"schema":{"@context":"https:\/\/schema.org","@graph":[{"@type":"WebPage","@id":"https:\/\/menschmusik.de\/es\/estudios-basicos\/","url":"https:\/\/menschmusik.de\/es\/estudios-basicos\/","name":"Estudios B\u00e1sicos - MenschMusik Hamburg - Freie Musikakademie, Studium, Konzert, Forschung","isPartOf":{"@id":"https:\/\/menschmusik.de\/#website"},"datePublished":"2022-06-02T15:43:22+00:00","dateModified":"2026-01-18T14:09:06+00:00","breadcrumb":{"@id":"https:\/\/menschmusik.de\/es\/estudios-basicos\/#breadcrumb"},"inLanguage":"es","potentialAction":[{"@type":"ReadAction","target":["https:\/\/menschmusik.de\/es\/estudios-basicos\/"]}]},{"@type":"BreadcrumbList","@id":"https:\/\/menschmusik.de\/es\/estudios-basicos\/#breadcrumb","itemListElement":[{"@type":"ListItem","position":1,"name":"Startseite","item":"https:\/\/menschmusik.de\/"},{"@type":"ListItem","position":2,"name":"Estudios B\u00e1sicos"}]},{"@type":"WebSite","@id":"https:\/\/menschmusik.de\/#website","url":"https:\/\/menschmusik.de\/","name":"MenschMusik Hamburg - Freie Musikakademie, Studium, Konzert, Forschung","description":"","potentialAction":[{"@type":"SearchAction","target":{"@type":"EntryPoint","urlTemplate":"https:\/\/menschmusik.de\/?s={search_term_string}"},"query-input":{"@type":"PropertyValueSpecification","valueRequired":true,"valueName":"search_term_string"}}],"inLanguage":"es"}]}},"_links":{"self":[{"href":"https:\/\/menschmusik.de\/es\/wp-json\/wp\/v2\/pages\/209","targetHints":{"allow":["GET"]}}],"collection":[{"href":"https:\/\/menschmusik.de\/es\/wp-json\/wp\/v2\/pages"}],"about":[{"href":"https:\/\/menschmusik.de\/es\/wp-json\/wp\/v2\/types\/page"}],"author":[{"embeddable":true,"href":"https:\/\/menschmusik.de\/es\/wp-json\/wp\/v2\/users\/2"}],"replies":[{"embeddable":true,"href":"https:\/\/menschmusik.de\/es\/wp-json\/wp\/v2\/comments?post=209"}],"version-history":[{"count":31,"href":"https:\/\/menschmusik.de\/es\/wp-json\/wp\/v2\/pages\/209\/revisions"}],"predecessor-version":[{"id":9109,"href":"https:\/\/menschmusik.de\/es\/wp-json\/wp\/v2\/pages\/209\/revisions\/9109"}],"wp:attachment":[{"href":"https:\/\/menschmusik.de\/es\/wp-json\/wp\/v2\/media?parent=209"}],"curies":[{"name":"wp","href":"https:\/\/api.w.org\/{rel}","templated":true}]}}