{"id":198,"date":"2022-05-16T16:16:44","date_gmt":"2022-05-16T14:16:44","guid":{"rendered":"https:\/\/menschmusik.de\/startseite\/"},"modified":"2025-04-19T17:17:39","modified_gmt":"2025-04-19T15:17:39","slug":"inicio","status":"publish","type":"page","link":"https:\/\/menschmusik.de\/es\/inicio\/","title":{"rendered":"Inicio"},"content":{"rendered":"<div class=\"wpb-content-wrapper\"><p>[vc_row][vc_column css=&#8221;.vc_custom_1653915704574{margin-bottom: 0px !important;}&#8221;][vc_row_inner][vc_column_inner width=&#8221;1\/12&#8243;][\/vc_column_inner][vc_column_inner width=&#8221;1\/12&#8243; offset=&#8221;vc_hidden-lg vc_hidden-md&#8221;][vc_empty_space height=&#8221;60px&#8221;][vc_column_text]<a class=\"langselect-mobile\" href=\"https:\/\/menschmusik.de\/\" rel=\"noopener\">DE<\/a><a class=\"langselect-active-mobile\" href=\"https:\/\/menschmusik.de\/es\/\" rel=\"noopener\">ES<\/a><a class=\"langselect-mobile\" href=\"https:\/\/menschmusik.de\/en\/\" rel=\"noopener\">EN<\/a><a class=\"login-mobile\" href=\"https:\/\/mmsrv.de8.quickconnect.to\/\" target=\"_blank\" rel=\"noopener\">Login<\/a>[\/vc_column_text][\/vc_column_inner][vc_column_inner width=&#8221;1\/12&#8243;][\/vc_column_inner][\/vc_row_inner][vc_row_inner][vc_column_inner width=&#8221;1\/12&#8243; el_class=&#8221;head-under&#8221;][vc_column_text][\/vc_column_text][\/vc_column_inner][vc_column_inner width=&#8221;10\/12&#8243;][vc_empty_space height=&#8221;60px&#8221; el_class=&#8221;hide-smart&#8221;][vc_empty_space height=&#8221;60px&#8221;][vc_column_text]<\/p>\n<h1>Instituto libre de estudios musicales, concierto e investigaci\u00f3n<\/h1>\n<p>[\/vc_column_text][vc_column_text]<span style=\"font-size: 26px; font-weight: 200; line-height: 45px;\">Bievenido a la p\u00e1gina de MenschMusik Hamburg. Inf\u00f3rmate sobre nuestra oferta de estudios profesionales y el a\u00f1o de estudios musicales b\u00e1sicos.<\/span>[\/vc_column_text][vc_empty_space height=&#8221;50px&#8221;][\/vc_column_inner][vc_column_inner width=&#8221;1\/12&#8243;][\/vc_column_inner][\/vc_row_inner][\/vc_column][\/vc_row][vc_row][vc_column width=&#8221;1\/2&#8243;][vc_row_inner][vc_column_inner width=&#8221;1\/6&#8243; el_class=&#8221;head-under&#8221;][vc_column_text el_class=&#8221;unterstrich&#8221;]\u00a0[\/vc_column_text][\/vc_column_inner][vc_column_inner width=&#8221;5\/6&#8243;][vc_column_text]<\/p>\n<h2>Tu a\u00f1o musical<br \/>\nen Hamburgo<\/h2>\n<p>[\/vc_column_text][vc_empty_space height=&#8221;5px&#8221;][vc_single_image image=&#8221;7741&#8243; img_size=&#8221;613&#215;370&#8243; onclick=&#8221;custom_link&#8221; css=&#8221;.vc_custom_1745075783032{padding-left: 5px !important;}&#8221; link=&#8221;https:\/\/menschmusik.de\/es\/estudios-basicos\/#dein-jahr-musik&#8221;][vc_empty_space height=&#8221;30px&#8221;][vc_column_text]En este a\u00f1o puedes adentrarte en la m\u00fasica y evaluar si esta pudiese ser tu profesi\u00f3n. Tambi\u00e9n tendr\u00e1s la oportunidad de informarte sobre los diferentes campos profesionales y poner a prueba tus habilidades musicales.<\/p>\n<p><a href=\"https:\/\/menschmusik.de\/es\/estudios-basicos\/#dein-jahr-musik\">m\u00e1s&#8230;<\/a>[\/vc_column_text][\/vc_column_inner][\/vc_row_inner][\/vc_column][vc_column width=&#8221;1\/2&#8243;][vc_empty_space height=&#8221;170px&#8221; el_class=&#8221;hide-smart&#8221;][vc_empty_space height=&#8221;100px&#8221;][vc_row_inner][vc_column_inner width=&#8221;1\/6&#8243; el_class=&#8221;head-under&#8221;][vc_column_text el_class=&#8221;unterstrich&#8221;]\u00a0[\/vc_column_text][\/vc_column_inner][vc_column_inner width=&#8221;5\/6&#8243;][vc_column_text]<\/p>\n<h2>Conciertos<br \/>\nactuales<\/h2>\n<p>[\/vc_column_text][vc_empty_space height=&#8221;5px&#8221;][vc_single_image image=&#8221;8223&#8243; img_size=&#8221;613&#215;370&#8243; onclick=&#8221;custom_link&#8221; css=&#8221;.vc_custom_1745075854301{padding-left: 5px !important;}&#8221; link=&#8221;https:\/\/menschmusik.de\/es\/concierto\/&#8221;][vc_empty_space height=&#8221;30px&#8221;][vc_column_text css=&#8221;.vc_custom_1657620477542{margin-left: 5px !important;padding-left: 5px !important;}&#8221;]<!--W4PL_List_6478-->\n<div id=\"w4pl-list-6478\" class=\"w4pl\">\n\t<div id=\"w4pl-inner-6478\" class=\"w4pl-inner\"><\/div><!--#w4pl-inner-6478-->\n<\/div><!--#w4pl-6478-->\n<!--END_W4PL_List_6478-->\n[\/vc_column_text][\/vc_column_inner][\/vc_row_inner][\/vc_column][\/vc_row][vc_row class=&#8221;margin-bottom-null&#8221; css=&#8221;.vc_custom_1653915925904{margin-bottom: 0px !important;}&#8221;][vc_column width=&#8221;1\/12&#8243; css=&#8221;.vc_custom_1653915750137{margin-bottom: 0px !important;}&#8221;][vc_column_text][\/vc_column_text][\/vc_column][vc_column width=&#8221;10\/12&#8243;][vc_column_text css=&#8221;.vc_custom_1673545995541{padding-left: 20px !important;}&#8221; el_class=&#8221;zitat&#8221;]<\/p>\n<h3>El canto se desarrolla en la escucha del oyente cuidadoso.<span style=\"font-size: 20px; padding-left: 20px;\">Yehudi Menuhin<\/span><\/h3>\n<p>[\/vc_column_text][\/vc_column][vc_column width=&#8221;1\/12&#8243;][\/vc_column][\/vc_row][vc_row][vc_column][vc_empty_space height=&#8221;100px&#8221;][\/vc_column][\/vc_row][vc_row class=&#8221;hide-smart&#8221;][vc_column el_class=&#8221;hide-smart&#8221; offset=&#8221;vc_hidden-sm vc_hidden-xs&#8221;][vc_empty_space height=&#8221;100px&#8221; el_class=&#8221;hide-smart&#8221;][\/vc_column][\/vc_row]<\/p>\n<\/div>","protected":false},"excerpt":{"rendered":"<p>[vc_row][vc_column css=&#8221;.vc_custom_1653915704574{margin-bottom: 0px !important;}&#8221;][vc_row_inner][vc_column_inner width=&#8221;1\/12&#8243;][\/vc_column_inner][vc_column_inner width=&#8221;1\/12&#8243; offset=&#8221;vc_hidden-lg vc_hidden-md&#8221;][vc_empty_space height=&#8221;60px&#8221;][vc_column_text]DEESENLogin[\/vc_column_text][\/vc_column_inner][vc_column_inner width=&#8221;1\/12&#8243;][\/vc_column_inner][\/vc_row_inner][vc_row_inner][vc_column_inner width=&#8221;1\/12&#8243; el_class=&#8221;head-under&#8221;][vc_column_text][\/vc_column_text][\/vc_column_inner][vc_column_inner width=&#8221;10\/12&#8243;][vc_empty_space height=&#8221;60px&#8221; el_class=&#8221;hide-smart&#8221;][vc_empty_space height=&#8221;60px&#8221;][vc_column_text] Instituto libre de estudios musicales, concierto e investigaci\u00f3n [\/vc_column_text][vc_column_text]Bievenido a la p\u00e1gina de MenschMusik Hamburg. Inf\u00f3rmate sobre nuestra oferta de estudios profesionales y el a\u00f1o de estudios musicales b\u00e1sicos.[\/vc_column_text][vc_empty_space height=&#8221;50px&#8221;][\/vc_column_inner][vc_column_inner width=&#8221;1\/12&#8243;][\/vc_column_inner][\/vc_row_inner][\/vc_column][\/vc_row][vc_row][vc_column width=&#8221;1\/2&#8243;][vc_row_inner][vc_column_inner width=&#8221;1\/6&#8243; el_class=&#8221;head-under&#8221;][vc_column_text el_class=&#8221;unterstrich&#8221;]\u00a0[\/vc_column_text][\/vc_column_inner][vc_column_inner width=&#8221;5\/6&#8243;][vc_column_text] Tu a\u00f1o musical [&hellip;]<\/p>\n","protected":false},"author":2,"featured_media":0,"parent":0,"menu_order":0,"comment_status":"closed","ping_status":"closed","template":"redux-templates_full_width","meta":{"_acf_changed":false,"inline_featured_image":false,"footnotes":""},"class_list":["post-198","page","type-page","status-publish","hentry"],"acf":[],"yoast_head":"<!-- This site is optimized with the Yoast SEO plugin v26.5 - https:\/\/yoast.com\/wordpress\/plugins\/seo\/ -->\n<title>MenschMusik Hamburg - Freie Musikakademie, Studium, Konzert, Forschung<\/title>\n<meta name=\"description\" content=\"Hamburg bietet die Studieng\u00e4nge Musikalisches Grundstudienjahr, Instrumentalp\u00e4dagogik, Elementare Musikp\u00e4dagogik und Gesang.\" \/>\n<meta name=\"robots\" content=\"index, follow, max-snippet:-1, max-image-preview:large, max-video-preview:-1\" \/>\n<link rel=\"canonical\" href=\"https:\/\/menschmusik.de\/es\/inicio\/\" \/>\n<meta property=\"og:locale\" content=\"es_ES\" \/>\n<meta property=\"og:type\" content=\"article\" \/>\n<meta property=\"og:title\" content=\"MenschMusik Hamburg - Freie Musikakademie, Studium, Konzert, Forschung\" \/>\n<meta property=\"og:description\" content=\"Hamburg bietet die Studieng\u00e4nge Musikalisches Grundstudienjahr, Instrumentalp\u00e4dagogik, Elementare Musikp\u00e4dagogik und Gesang.\" \/>\n<meta property=\"og:url\" content=\"https:\/\/menschmusik.de\/es\/inicio\/\" \/>\n<meta property=\"og:site_name\" content=\"MenschMusik Hamburg - Freie Musikakademie, Studium, Konzert, Forschung\" \/>\n<meta property=\"article:modified_time\" content=\"2025-04-19T15:17:39+00:00\" \/>\n<meta name=\"twitter:card\" content=\"summary_large_image\" \/>\n<meta name=\"twitter:label1\" content=\"Tiempo de lectura\" \/>\n\t<meta name=\"twitter:data1\" content=\"1 minuto\" \/>\n<script type=\"application\/ld+json\" class=\"yoast-schema-graph\">{\"@context\":\"https:\/\/schema.org\",\"@graph\":[{\"@type\":\"WebPage\",\"@id\":\"https:\/\/menschmusik.de\/es\/inicio\/\",\"url\":\"https:\/\/menschmusik.de\/es\/inicio\/\",\"name\":\"MenschMusik Hamburg - Freie Musikakademie, Studium, Konzert, Forschung\",\"isPartOf\":{\"@id\":\"https:\/\/menschmusik.de\/#website\"},\"datePublished\":\"2022-05-16T14:16:44+00:00\",\"dateModified\":\"2025-04-19T15:17:39+00:00\",\"description\":\"Hamburg bietet die Studieng\u00e4nge Musikalisches Grundstudienjahr, Instrumentalp\u00e4dagogik, Elementare Musikp\u00e4dagogik und Gesang.\",\"breadcrumb\":{\"@id\":\"https:\/\/menschmusik.de\/es\/inicio\/#breadcrumb\"},\"inLanguage\":\"es\",\"potentialAction\":[{\"@type\":\"ReadAction\",\"target\":[\"https:\/\/menschmusik.de\/es\/inicio\/\"]}]},{\"@type\":\"BreadcrumbList\",\"@id\":\"https:\/\/menschmusik.de\/es\/inicio\/#breadcrumb\",\"itemListElement\":[{\"@type\":\"ListItem\",\"position\":1,\"name\":\"Startseite\",\"item\":\"https:\/\/menschmusik.de\/\"},{\"@type\":\"ListItem\",\"position\":2,\"name\":\"Inicio\"}]},{\"@type\":\"WebSite\",\"@id\":\"https:\/\/menschmusik.de\/#website\",\"url\":\"https:\/\/menschmusik.de\/\",\"name\":\"MenschMusik Hamburg - Freie Musikakademie, Studium, Konzert, Forschung\",\"description\":\"\",\"potentialAction\":[{\"@type\":\"SearchAction\",\"target\":{\"@type\":\"EntryPoint\",\"urlTemplate\":\"https:\/\/menschmusik.de\/?s={search_term_string}\"},\"query-input\":{\"@type\":\"PropertyValueSpecification\",\"valueRequired\":true,\"valueName\":\"search_term_string\"}}],\"inLanguage\":\"es\"}]}<\/script>\n<!-- \/ Yoast SEO plugin. -->","yoast_head_json":{"title":"MenschMusik Hamburg - Freie Musikakademie, Studium, Konzert, Forschung","description":"Hamburg bietet die Studieng\u00e4nge Musikalisches Grundstudienjahr, Instrumentalp\u00e4dagogik, Elementare Musikp\u00e4dagogik und Gesang.","robots":{"index":"index","follow":"follow","max-snippet":"max-snippet:-1","max-image-preview":"max-image-preview:large","max-video-preview":"max-video-preview:-1"},"canonical":"https:\/\/menschmusik.de\/es\/inicio\/","og_locale":"es_ES","og_type":"article","og_title":"MenschMusik Hamburg - Freie Musikakademie, Studium, Konzert, Forschung","og_description":"Hamburg bietet die Studieng\u00e4nge Musikalisches Grundstudienjahr, Instrumentalp\u00e4dagogik, Elementare Musikp\u00e4dagogik und Gesang.","og_url":"https:\/\/menschmusik.de\/es\/inicio\/","og_site_name":"MenschMusik Hamburg - Freie Musikakademie, Studium, Konzert, Forschung","article_modified_time":"2025-04-19T15:17:39+00:00","twitter_card":"summary_large_image","twitter_misc":{"Tiempo de lectura":"1 minuto"},"schema":{"@context":"https:\/\/schema.org","@graph":[{"@type":"WebPage","@id":"https:\/\/menschmusik.de\/es\/inicio\/","url":"https:\/\/menschmusik.de\/es\/inicio\/","name":"MenschMusik Hamburg - Freie Musikakademie, Studium, Konzert, Forschung","isPartOf":{"@id":"https:\/\/menschmusik.de\/#website"},"datePublished":"2022-05-16T14:16:44+00:00","dateModified":"2025-04-19T15:17:39+00:00","description":"Hamburg bietet die Studieng\u00e4nge Musikalisches Grundstudienjahr, Instrumentalp\u00e4dagogik, Elementare Musikp\u00e4dagogik und Gesang.","breadcrumb":{"@id":"https:\/\/menschmusik.de\/es\/inicio\/#breadcrumb"},"inLanguage":"es","potentialAction":[{"@type":"ReadAction","target":["https:\/\/menschmusik.de\/es\/inicio\/"]}]},{"@type":"BreadcrumbList","@id":"https:\/\/menschmusik.de\/es\/inicio\/#breadcrumb","itemListElement":[{"@type":"ListItem","position":1,"name":"Startseite","item":"https:\/\/menschmusik.de\/"},{"@type":"ListItem","position":2,"name":"Inicio"}]},{"@type":"WebSite","@id":"https:\/\/menschmusik.de\/#website","url":"https:\/\/menschmusik.de\/","name":"MenschMusik Hamburg - Freie Musikakademie, Studium, Konzert, Forschung","description":"","potentialAction":[{"@type":"SearchAction","target":{"@type":"EntryPoint","urlTemplate":"https:\/\/menschmusik.de\/?s={search_term_string}"},"query-input":{"@type":"PropertyValueSpecification","valueRequired":true,"valueName":"search_term_string"}}],"inLanguage":"es"}]}},"_links":{"self":[{"href":"https:\/\/menschmusik.de\/es\/wp-json\/wp\/v2\/pages\/198","targetHints":{"allow":["GET"]}}],"collection":[{"href":"https:\/\/menschmusik.de\/es\/wp-json\/wp\/v2\/pages"}],"about":[{"href":"https:\/\/menschmusik.de\/es\/wp-json\/wp\/v2\/types\/page"}],"author":[{"embeddable":true,"href":"https:\/\/menschmusik.de\/es\/wp-json\/wp\/v2\/users\/2"}],"replies":[{"embeddable":true,"href":"https:\/\/menschmusik.de\/es\/wp-json\/wp\/v2\/comments?post=198"}],"version-history":[{"count":13,"href":"https:\/\/menschmusik.de\/es\/wp-json\/wp\/v2\/pages\/198\/revisions"}],"predecessor-version":[{"id":8797,"href":"https:\/\/menschmusik.de\/es\/wp-json\/wp\/v2\/pages\/198\/revisions\/8797"}],"wp:attachment":[{"href":"https:\/\/menschmusik.de\/es\/wp-json\/wp\/v2\/media?parent=198"}],"curies":[{"name":"wp","href":"https:\/\/api.w.org\/{rel}","templated":true}]}}